{"id":981,"date":"2021-10-09T15:41:34","date_gmt":"2021-10-09T15:41:34","guid":{"rendered":"https:\/\/phillippbusch.de\/?page_id=981"},"modified":"2021-10-24T18:10:16","modified_gmt":"2021-10-24T18:10:16","slug":"tp-35","status":"publish","type":"page","link":"https:\/\/phillippbusch.de\/?page_id=981","title":{"rendered":"TP-35"},"content":{"rendered":"\n<div class=\"wp-block-columns alignwide is-layout-flex wp-container-core-columns-is-layout-9d6595d7 wp-block-columns-is-layout-flex\">\n<div class=\"wp-block-column is-layout-flow wp-block-column-is-layout-flow\">\n<p>Die Blackbox TP35 ist ein Sammlerst\u00fcck das ausgew\u00e4hlte Fotografien transportiert und auf ihrer Oberseite pr\u00e4sentiert. Im unteren Teil des Produktes befindet sich ein Soundmodul, welches per Knopfdruck auf der Seite an-\/ausgeschaltet werden kann. Durch Halten des Knopfes wird die Lautst\u00e4rke erh\u00f6ht. TP35 ist im vierten Semester als fiktiv-historisches Objekt entstanden.<\/p>\n<\/div>\n\n\n\n<div class=\"wp-block-column is-layout-flow wp-block-column-is-layout-flow\"><\/div>\n\n\n\n<div class=\"wp-block-column is-layout-flow wp-block-column-is-layout-flow\">\n<h2 class=\"wp-block-heading\">TP-35<\/h2>\n<\/div>\n<\/div>\n\n\n\n<figure class=\"wp-block-image alignwide size-full\"><img decoding=\"async\" width=\"620\" height=\"620\" src=\"https:\/\/i2.wp.com\/phillippbusch.de\/wp-content\/uploads\/2021\/10\/Zeichenflache-5.png?resize=620%2C620&#038;ssl=1\" alt=\"\" class=\"wp-image-986\" srcset=\"https:\/\/i2.wp.com\/phillippbusch.de\/wp-content\/uploads\/2021\/10\/Zeichenflache-5.png?w=1000&amp;ssl=1 1000w, https:\/\/i2.wp.com\/phillippbusch.de\/wp-content\/uploads\/2021\/10\/Zeichenflache-5.png?resize=300%2C300&amp;ssl=1 300w, https:\/\/i2.wp.com\/phillippbusch.de\/wp-content\/uploads\/2021\/10\/Zeichenflache-5.png?resize=150%2C150&amp;ssl=1 150w, https:\/\/i2.wp.com\/phillippbusch.de\/wp-content\/uploads\/2021\/10\/Zeichenflache-5.png?resize=768%2C768&amp;ssl=1 768w\" sizes=\"(max-width: 620px) 100vw, 620px\" data-recalc-dims=\"1\" \/><\/figure>\n\n\n\n<div class=\"wp-block-columns alignwide is-layout-flex wp-container-core-columns-is-layout-9d6595d7 wp-block-columns-is-layout-flex\"><\/div>\n\n\n\n<figure class=\"wp-block-image alignwide size-full\"><img decoding=\"async\" width=\"620\" height=\"620\" src=\"https:\/\/i2.wp.com\/phillippbusch.de\/wp-content\/uploads\/2021\/10\/Zeichenflache-4-1.png?resize=620%2C620&#038;ssl=1\" alt=\"\" class=\"wp-image-985\" srcset=\"https:\/\/i2.wp.com\/phillippbusch.de\/wp-content\/uploads\/2021\/10\/Zeichenflache-4-1.png?w=1000&amp;ssl=1 1000w, https:\/\/i2.wp.com\/phillippbusch.de\/wp-content\/uploads\/2021\/10\/Zeichenflache-4-1.png?resize=300%2C300&amp;ssl=1 300w, https:\/\/i2.wp.com\/phillippbusch.de\/wp-content\/uploads\/2021\/10\/Zeichenflache-4-1.png?resize=150%2C150&amp;ssl=1 150w, https:\/\/i2.wp.com\/phillippbusch.de\/wp-content\/uploads\/2021\/10\/Zeichenflache-4-1.png?resize=768%2C768&amp;ssl=1 768w\" sizes=\"(max-width: 620px) 100vw, 620px\" data-recalc-dims=\"1\" \/><\/figure>\n\n\n\n<figure class=\"wp-block-image alignwide size-large\"><img decoding=\"async\" width=\"620\" height=\"877\" src=\"https:\/\/i0.wp.com\/phillippbusch.de\/wp-content\/uploads\/2021\/10\/20192006_Voigt_PLAN-pdf.jpg?resize=620%2C877&#038;ssl=1\" alt=\"\" class=\"wp-image-989\" data-recalc-dims=\"1\"\/><\/figure>\n\n\n\n<figure class=\"wp-block-image alignwide size-full\"><img decoding=\"async\" width=\"620\" height=\"620\" src=\"https:\/\/i1.wp.com\/phillippbusch.de\/wp-content\/uploads\/2021\/10\/Zeichenflache-2-2.png?resize=620%2C620&#038;ssl=1\" alt=\"\" class=\"wp-image-983\" srcset=\"https:\/\/i1.wp.com\/phillippbusch.de\/wp-content\/uploads\/2021\/10\/Zeichenflache-2-2.png?w=1000&amp;ssl=1 1000w, https:\/\/i1.wp.com\/phillippbusch.de\/wp-content\/uploads\/2021\/10\/Zeichenflache-2-2.png?resize=300%2C300&amp;ssl=1 300w, https:\/\/i1.wp.com\/phillippbusch.de\/wp-content\/uploads\/2021\/10\/Zeichenflache-2-2.png?resize=150%2C150&amp;ssl=1 150w, https:\/\/i1.wp.com\/phillippbusch.de\/wp-content\/uploads\/2021\/10\/Zeichenflache-2-2.png?resize=768%2C768&amp;ssl=1 768w\" sizes=\"(max-width: 620px) 100vw, 620px\" data-recalc-dims=\"1\" \/><\/figure>\n\n\n\n<figure class=\"wp-block-image alignwide size-full\"><img decoding=\"async\" width=\"620\" height=\"620\" src=\"https:\/\/i1.wp.com\/phillippbusch.de\/wp-content\/uploads\/2021\/10\/Zeichenflache-3-2.png?resize=620%2C620&#038;ssl=1\" alt=\"\" class=\"wp-image-984\" srcset=\"https:\/\/i1.wp.com\/phillippbusch.de\/wp-content\/uploads\/2021\/10\/Zeichenflache-3-2.png?w=1000&amp;ssl=1 1000w, https:\/\/i1.wp.com\/phillippbusch.de\/wp-content\/uploads\/2021\/10\/Zeichenflache-3-2.png?resize=300%2C300&amp;ssl=1 300w, https:\/\/i1.wp.com\/phillippbusch.de\/wp-content\/uploads\/2021\/10\/Zeichenflache-3-2.png?resize=150%2C150&amp;ssl=1 150w, https:\/\/i1.wp.com\/phillippbusch.de\/wp-content\/uploads\/2021\/10\/Zeichenflache-3-2.png?resize=768%2C768&amp;ssl=1 768w\" sizes=\"(max-width: 620px) 100vw, 620px\" data-recalc-dims=\"1\" \/><\/figure>\n","protected":false},"excerpt":{"rendered":"<p>Die Blackbox TP35 ist ein Sammlerst\u00fcck das ausgew\u00e4hlte Fotografien transportiert und auf ihrer Oberseite pr\u00e4sentiert. Im unteren Teil des Produktes befindet sich ein Soundmodul, welches per Knopfdruck auf der Seite an-\/ausgeschaltet werden kann. Durch Halten des Knopfes wird die Lautst\u00e4rke erh\u00f6ht. TP35 ist im vierten Semester als fiktiv-historisches Objekt entstanden. TP-35<\/p>\n","protected":false},"author":1,"featured_media":0,"parent":1388,"menu_order":0,"comment_status":"closed","ping_status":"closed","template":"","meta":{"spay_email":"","footnotes":""},"class_list":["post-981","page","type-page","status-publish","hentry","entry"],"_links":{"self":[{"href":"https:\/\/phillippbusch.de\/index.php?rest_route=\/wp\/v2\/pages\/981","targetHints":{"allow":["GET"]}}],"collection":[{"href":"https:\/\/phillippbusch.de\/index.php?rest_route=\/wp\/v2\/pages"}],"about":[{"href":"https:\/\/phillippbusch.de\/index.php?rest_route=\/wp\/v2\/types\/page"}],"author":[{"embeddable":true,"href":"https:\/\/phillippbusch.de\/index.php?rest_route=\/wp\/v2\/users\/1"}],"replies":[{"embeddable":true,"href":"https:\/\/phillippbusch.de\/index.php?rest_route=%2Fwp%2Fv2%2Fcomments&post=981"}],"version-history":[{"count":7,"href":"https:\/\/phillippbusch.de\/index.php?rest_route=\/wp\/v2\/pages\/981\/revisions"}],"predecessor-version":[{"id":1867,"href":"https:\/\/phillippbusch.de\/index.php?rest_route=\/wp\/v2\/pages\/981\/revisions\/1867"}],"up":[{"embeddable":true,"href":"https:\/\/phillippbusch.de\/index.php?rest_route=\/wp\/v2\/pages\/1388"}],"wp:attachment":[{"href":"https:\/\/phillippbusch.de\/index.php?rest_route=%2Fwp%2Fv2%2Fmedia&parent=981"}],"curies":[{"name":"wp","href":"https:\/\/api.w.org\/{rel}","templated":true}]}}