{"id":955,"date":"2021-10-09T10:21:09","date_gmt":"2021-10-09T10:21:09","guid":{"rendered":"https:\/\/phillippbusch.de\/?page_id=955"},"modified":"2021-10-24T18:01:53","modified_gmt":"2021-10-24T18:01:53","slug":"minder","status":"publish","type":"page","link":"https:\/\/phillippbusch.de\/?page_id=955","title":{"rendered":"minder"},"content":{"rendered":"\n<div class=\"wp-block-columns alignwide is-layout-flex wp-container-core-columns-is-layout-9d6595d7 wp-block-columns-is-layout-flex\">\n<div class=\"wp-block-column is-layout-flow wp-block-column-is-layout-flow\" style=\"flex-basis:66.66%\">\n<h2 class=\"wp-block-heading\">minder<\/h2>\n<\/div>\n\n\n\n<div class=\"wp-block-column is-layout-flow wp-block-column-is-layout-flow\" style=\"flex-basis:33.33%\">\n<p>minder, ein Regalsystem welches sich durch Spanngurte zusammen ziehen l\u00e4sst, entstand in Kooperation mit METAN Solutions GmbH &amp; Co.KG, welche auf Jahrzehnte lange Erfahrung in dem Gebiet der Metall M\u00f6bel Produktion zur\u00fcckblicken kann. <\/p>\n\n\n\n<p>Das System gibt es in den Gr\u00f6\u00dfen 800 \/ 1200 \/ 1800 mm und ist durch Korpen erweiterbar. Die Fachb\u00f6den und Korpen werden durch c-f\u00f6rmige Fachbodentr\u00e4ger gehalten und von oben eingeklinkt. Durch das Einklinken der Fachb\u00f6den und das Verzurren der Gurte erh\u00e4lt Minder Stabilit\u00e4t. Diese wird durch Querstreben unter den Spanngurten, welche in die St\u00e4nder einfahren, erg\u00e4nzt.<\/p>\n\n\n\n<p>Zus\u00e4tzlich entstanden ein Fachboden mit  Netz und eine Gitterkorb, welche sich ins System integrieren lassen.<\/p>\n\n\n\n<p>Entworfen wurde es f\u00fcr den fiktiven Kunden den \u201eDefender\u201c Fahrer. Mit diesem Kunden im Hinterkopf sollte das M\u00f6bel belastbar, modular und einfach erweiterbar sein aber auch einen industriellen Charakter besitzen. <\/p>\n<\/div>\n<\/div>\n\n\n\n<div class=\"wp-block-columns alignwide is-layout-flex wp-container-core-columns-is-layout-9d6595d7 wp-block-columns-is-layout-flex\">\n<div class=\"wp-block-column is-layout-flow wp-block-column-is-layout-flow\">\n<figure class=\"wp-block-image alignwide size-full\"><img decoding=\"async\" width=\"620\" height=\"895\" src=\"https:\/\/i0.wp.com\/phillippbusch.de\/wp-content\/uploads\/2021\/10\/Zeichenflaeche-17@05x.png?resize=620%2C895&#038;ssl=1\" alt=\"\" class=\"wp-image-1538\" srcset=\"https:\/\/i0.wp.com\/phillippbusch.de\/wp-content\/uploads\/2021\/10\/Zeichenflaeche-17@05x.png?w=662&amp;ssl=1 662w, https:\/\/i0.wp.com\/phillippbusch.de\/wp-content\/uploads\/2021\/10\/Zeichenflaeche-17@05x.png?resize=208%2C300&amp;ssl=1 208w\" sizes=\"(max-width: 620px) 100vw, 620px\" data-recalc-dims=\"1\" \/><\/figure>\n<\/div>\n\n\n\n<div class=\"wp-block-column is-layout-flow wp-block-column-is-layout-flow\">\n<figure class=\"wp-block-image size-full\"><img decoding=\"async\" width=\"620\" height=\"897\" src=\"https:\/\/i1.wp.com\/phillippbusch.de\/wp-content\/uploads\/2021\/10\/Zeichenflaeche-14@05x-1.png?resize=620%2C897&#038;ssl=1\" alt=\"\" class=\"wp-image-1537\" srcset=\"https:\/\/i1.wp.com\/phillippbusch.de\/wp-content\/uploads\/2021\/10\/Zeichenflaeche-14@05x-1.png?w=661&amp;ssl=1 661w, https:\/\/i1.wp.com\/phillippbusch.de\/wp-content\/uploads\/2021\/10\/Zeichenflaeche-14@05x-1.png?resize=207%2C300&amp;ssl=1 207w\" sizes=\"(max-width: 620px) 100vw, 620px\" data-recalc-dims=\"1\" \/><\/figure>\n<\/div>\n<\/div>\n\n\n\n<div class=\"wp-block-columns alignwide is-layout-flex wp-container-core-columns-is-layout-9d6595d7 wp-block-columns-is-layout-flex\">\n<div class=\"wp-block-column is-layout-flow wp-block-column-is-layout-flow\">\n<figure class=\"wp-block-image size-full\"><img decoding=\"async\" width=\"620\" height=\"895\" src=\"https:\/\/i2.wp.com\/phillippbusch.de\/wp-content\/uploads\/2021\/10\/Zeichenflaeche-47@05x.png?resize=620%2C895&#038;ssl=1\" alt=\"\" class=\"wp-image-1806\" srcset=\"https:\/\/i2.wp.com\/phillippbusch.de\/wp-content\/uploads\/2021\/10\/Zeichenflaeche-47@05x.png?w=662&amp;ssl=1 662w, https:\/\/i2.wp.com\/phillippbusch.de\/wp-content\/uploads\/2021\/10\/Zeichenflaeche-47@05x.png?resize=208%2C300&amp;ssl=1 208w\" sizes=\"(max-width: 620px) 100vw, 620px\" data-recalc-dims=\"1\" \/><\/figure>\n<\/div>\n\n\n\n<div class=\"wp-block-column is-layout-flow wp-block-column-is-layout-flow\">\n<figure class=\"wp-block-image size-full\"><img decoding=\"async\" width=\"620\" height=\"897\" src=\"https:\/\/i2.wp.com\/phillippbusch.de\/wp-content\/uploads\/2021\/10\/Zeichenflaeche-48@05x@05x.png?resize=620%2C897&#038;ssl=1\" alt=\"\" class=\"wp-image-1810\" srcset=\"https:\/\/i2.wp.com\/phillippbusch.de\/wp-content\/uploads\/2021\/10\/Zeichenflaeche-48@05x@05x.png?w=661&amp;ssl=1 661w, https:\/\/i2.wp.com\/phillippbusch.de\/wp-content\/uploads\/2021\/10\/Zeichenflaeche-48@05x@05x.png?resize=207%2C300&amp;ssl=1 207w\" sizes=\"(max-width: 620px) 100vw, 620px\" data-recalc-dims=\"1\" \/><\/figure>\n<\/div>\n\n\n\n<div class=\"wp-block-column is-layout-flow wp-block-column-is-layout-flow\">\n<figure class=\"wp-block-image size-full\"><img decoding=\"async\" width=\"620\" height=\"895\" src=\"https:\/\/i1.wp.com\/phillippbusch.de\/wp-content\/uploads\/2021\/10\/Zeichenflaeche-49@05x.png?resize=620%2C895&#038;ssl=1\" alt=\"\" class=\"wp-image-1808\" srcset=\"https:\/\/i1.wp.com\/phillippbusch.de\/wp-content\/uploads\/2021\/10\/Zeichenflaeche-49@05x.png?w=662&amp;ssl=1 662w, https:\/\/i1.wp.com\/phillippbusch.de\/wp-content\/uploads\/2021\/10\/Zeichenflaeche-49@05x.png?resize=208%2C300&amp;ssl=1 208w\" sizes=\"(max-width: 620px) 100vw, 620px\" data-recalc-dims=\"1\" \/><\/figure>\n<\/div>\n\n\n\n<div class=\"wp-block-column is-layout-flow wp-block-column-is-layout-flow\">\n<figure class=\"wp-block-image size-full\"><img decoding=\"async\" width=\"540\" height=\"956\" src=\"https:\/\/i2.wp.com\/phillippbusch.de\/wp-content\/uploads\/2021\/10\/Zeichenflaeche-50@05x.png?resize=540%2C956&#038;ssl=1\" alt=\"\" class=\"wp-image-1816\" srcset=\"https:\/\/i2.wp.com\/phillippbusch.de\/wp-content\/uploads\/2021\/10\/Zeichenflaeche-50@05x.png?w=540&amp;ssl=1 540w, https:\/\/i2.wp.com\/phillippbusch.de\/wp-content\/uploads\/2021\/10\/Zeichenflaeche-50@05x.png?resize=169%2C300&amp;ssl=1 169w\" sizes=\"(max-width: 540px) 100vw, 540px\" data-recalc-dims=\"1\" \/><\/figure>\n<\/div>\n<\/div>\n\n\n\n<div class=\"wp-block-columns alignwide is-layout-flex wp-container-core-columns-is-layout-9d6595d7 wp-block-columns-is-layout-flex\">\n<div class=\"wp-block-column is-layout-flow wp-block-column-is-layout-flow\">\n<figure class=\"wp-block-image alignwide size-full\"><img decoding=\"async\" width=\"620\" height=\"349\" src=\"https:\/\/i2.wp.com\/phillippbusch.de\/wp-content\/uploads\/2021\/10\/Zeichenflaeche-51@05x.png?resize=620%2C349&#038;ssl=1\" alt=\"\" class=\"wp-image-1815\" srcset=\"https:\/\/i2.wp.com\/phillippbusch.de\/wp-content\/uploads\/2021\/10\/Zeichenflaeche-51@05x.png?w=960&amp;ssl=1 960w, https:\/\/i2.wp.com\/phillippbusch.de\/wp-content\/uploads\/2021\/10\/Zeichenflaeche-51@05x.png?resize=300%2C169&amp;ssl=1 300w, https:\/\/i2.wp.com\/phillippbusch.de\/wp-content\/uploads\/2021\/10\/Zeichenflaeche-51@05x.png?resize=768%2C432&amp;ssl=1 768w\" sizes=\"(max-width: 620px) 100vw, 620px\" data-recalc-dims=\"1\" \/><\/figure>\n<\/div>\n<\/div>\n\n\n\n<figure class=\"wp-block-image alignwide size-full\"><img decoding=\"async\" width=\"620\" height=\"314\" src=\"https:\/\/i2.wp.com\/phillippbusch.de\/wp-content\/uploads\/2021\/10\/Zeichenflaeche-19@05x.png?resize=620%2C314&#038;ssl=1\" alt=\"\" class=\"wp-image-1545\" srcset=\"https:\/\/i2.wp.com\/phillippbusch.de\/wp-content\/uploads\/2021\/10\/Zeichenflaeche-19@05x.png?w=960&amp;ssl=1 960w, https:\/\/i2.wp.com\/phillippbusch.de\/wp-content\/uploads\/2021\/10\/Zeichenflaeche-19@05x.png?resize=300%2C152&amp;ssl=1 300w, https:\/\/i2.wp.com\/phillippbusch.de\/wp-content\/uploads\/2021\/10\/Zeichenflaeche-19@05x.png?resize=768%2C389&amp;ssl=1 768w\" sizes=\"(max-width: 620px) 100vw, 620px\" data-recalc-dims=\"1\" \/><\/figure>\n\n\n\n<figure class=\"wp-block-image alignwide size-full\"><img decoding=\"async\" width=\"620\" height=\"314\" src=\"https:\/\/i1.wp.com\/phillippbusch.de\/wp-content\/uploads\/2021\/10\/Zeichenflaeche-18@05x.png?resize=620%2C314&#038;ssl=1\" alt=\"\" class=\"wp-image-1546\" srcset=\"https:\/\/i1.wp.com\/phillippbusch.de\/wp-content\/uploads\/2021\/10\/Zeichenflaeche-18@05x.png?w=960&amp;ssl=1 960w, https:\/\/i1.wp.com\/phillippbusch.de\/wp-content\/uploads\/2021\/10\/Zeichenflaeche-18@05x.png?resize=300%2C152&amp;ssl=1 300w, https:\/\/i1.wp.com\/phillippbusch.de\/wp-content\/uploads\/2021\/10\/Zeichenflaeche-18@05x.png?resize=768%2C389&amp;ssl=1 768w\" sizes=\"(max-width: 620px) 100vw, 620px\" data-recalc-dims=\"1\" \/><\/figure>\n\n\n\n<figure class=\"wp-block-image alignwide size-full\"><img decoding=\"async\" width=\"620\" height=\"310\" src=\"https:\/\/i2.wp.com\/phillippbusch.de\/wp-content\/uploads\/2021\/10\/Zeichenflaeche-20@05x.png?resize=620%2C310&#038;ssl=1\" alt=\"\" class=\"wp-image-1547\" srcset=\"https:\/\/i2.wp.com\/phillippbusch.de\/wp-content\/uploads\/2021\/10\/Zeichenflaeche-20@05x.png?w=960&amp;ssl=1 960w, https:\/\/i2.wp.com\/phillippbusch.de\/wp-content\/uploads\/2021\/10\/Zeichenflaeche-20@05x.png?resize=300%2C150&amp;ssl=1 300w, https:\/\/i2.wp.com\/phillippbusch.de\/wp-content\/uploads\/2021\/10\/Zeichenflaeche-20@05x.png?resize=768%2C384&amp;ssl=1 768w\" sizes=\"(max-width: 620px) 100vw, 620px\" data-recalc-dims=\"1\" \/><\/figure>\n","protected":false},"excerpt":{"rendered":"<p>minder minder, ein Regalsystem welches sich durch Spanngurte zusammen ziehen l\u00e4sst, entstand in Kooperation mit METAN Solutions GmbH &amp; Co.KG, welche auf Jahrzehnte lange Erfahrung in dem Gebiet der Metall M\u00f6bel Produktion zur\u00fcckblicken kann. Das System gibt es in den Gr\u00f6\u00dfen 800 \/ 1200 \/ 1800 mm und ist durch Korpen erweiterbar. Die Fachb\u00f6den und<a class=\"more-link\" href=\"https:\/\/phillippbusch.de\/?page_id=955\"><span class=\"screen-reader-text\">&#8222;minder&#8220;<\/span> weiterlesen<\/a><\/p>\n","protected":false},"author":1,"featured_media":0,"parent":1388,"menu_order":0,"comment_status":"closed","ping_status":"closed","template":"","meta":{"spay_email":"","footnotes":""},"class_list":["post-955","page","type-page","status-publish","hentry","entry"],"_links":{"self":[{"href":"https:\/\/phillippbusch.de\/index.php?rest_route=\/wp\/v2\/pages\/955","targetHints":{"allow":["GET"]}}],"collection":[{"href":"https:\/\/phillippbusch.de\/index.php?rest_route=\/wp\/v2\/pages"}],"about":[{"href":"https:\/\/phillippbusch.de\/index.php?rest_route=\/wp\/v2\/types\/page"}],"author":[{"embeddable":true,"href":"https:\/\/phillippbusch.de\/index.php?rest_route=\/wp\/v2\/users\/1"}],"replies":[{"embeddable":true,"href":"https:\/\/phillippbusch.de\/index.php?rest_route=%2Fwp%2Fv2%2Fcomments&post=955"}],"version-history":[{"count":11,"href":"https:\/\/phillippbusch.de\/index.php?rest_route=\/wp\/v2\/pages\/955\/revisions"}],"predecessor-version":[{"id":1861,"href":"https:\/\/phillippbusch.de\/index.php?rest_route=\/wp\/v2\/pages\/955\/revisions\/1861"}],"up":[{"embeddable":true,"href":"https:\/\/phillippbusch.de\/index.php?rest_route=\/wp\/v2\/pages\/1388"}],"wp:attachment":[{"href":"https:\/\/phillippbusch.de\/index.php?rest_route=%2Fwp%2Fv2%2Fmedia&parent=955"}],"curies":[{"name":"wp","href":"https:\/\/api.w.org\/{rel}","templated":true}]}}