{"id":937,"date":"2021-10-09T09:41:31","date_gmt":"2021-10-09T09:41:31","guid":{"rendered":"https:\/\/phillippbusch.de\/?page_id=937"},"modified":"2021-10-22T14:51:34","modified_gmt":"2021-10-22T14:51:34","slug":"tampa","status":"publish","type":"page","link":"https:\/\/phillippbusch.de\/?page_id=937","title":{"rendered":"Tampa"},"content":{"rendered":"\n<div class=\"wp-block-columns alignwide is-layout-flex wp-container-core-columns-is-layout-9d6595d7 wp-block-columns-is-layout-flex\">\n<div class=\"wp-block-column is-layout-flow wp-block-column-is-layout-flow\" style=\"flex-basis:66.66%\">\n<h2 class=\"wp-block-heading\">TAMPA<\/h2>\n\n\n\n<figure class=\"wp-block-image size-large\"><img decoding=\"async\" width=\"620\" height=\"885\" src=\"https:\/\/i0.wp.com\/phillippbusch.de\/wp-content\/uploads\/2021\/10\/Zeichenflaeche-46.png?resize=620%2C885&#038;ssl=1\" alt=\"\" class=\"wp-image-1782\" srcset=\"https:\/\/i0.wp.com\/phillippbusch.de\/wp-content\/uploads\/2021\/10\/Zeichenflaeche-46.png?resize=717%2C1024&amp;ssl=1 717w, https:\/\/i0.wp.com\/phillippbusch.de\/wp-content\/uploads\/2021\/10\/Zeichenflaeche-46.png?resize=210%2C300&amp;ssl=1 210w, https:\/\/i0.wp.com\/phillippbusch.de\/wp-content\/uploads\/2021\/10\/Zeichenflaeche-46.png?resize=768%2C1097&amp;ssl=1 768w, https:\/\/i0.wp.com\/phillippbusch.de\/wp-content\/uploads\/2021\/10\/Zeichenflaeche-46.png?resize=1076%2C1536&amp;ssl=1 1076w, https:\/\/i0.wp.com\/phillippbusch.de\/wp-content\/uploads\/2021\/10\/Zeichenflaeche-46.png?w=1080&amp;ssl=1 1080w\" sizes=\"(max-width: 620px) 100vw, 620px\" data-recalc-dims=\"1\" \/><\/figure>\n<\/div>\n\n\n\n<div class=\"wp-block-column is-layout-flow wp-block-column-is-layout-flow\" style=\"flex-basis:33.33%\">\n<div style=\"height:33px\" aria-hidden=\"true\" class=\"wp-block-spacer\"><\/div>\n\n\n\n<p>Die BECK Fastener Group wandte sich an die Hochschule Angewandte Kunst Schneeberg um ihre brandneue Entwicklung &#8211; den mit Druckluft geschossenen Holznagel LignoLoc &#8211; an seine kreativen Grenzen im M\u00f6belbau zu bringen. <\/p>\n\n\n\n<p>LignoLoc basiert auf der Funktion vom Verschmelzen des Nagels mit den Holzfasern eines Werkst\u00fccks. Dieses Prinzip \u00fcbertrug ich auf gebrauchtes Kletterseil und dies wies einen nutzbaren Effekt auf: das Seil verschmolz durch die Hitze des Schusses mit dem Nagel.<\/p>\n\n\n\n<p>Nun galt es eine Anwendung f\u00fcr diese Methode &#8211; der Verbindung von Seil und Holz &#8211; zu finden. Ein weiterer Vorteil des Holznagels ist seine Witterungs-best\u00e4ndigkeit. Daraus ergab sich die Idee ein M\u00f6bel f\u00fcr draussen zu schaffen &#8211; Tampa. Ein Campingstuhl f\u00fcr jedermann aus recycelten Kletterseilen, Holzn\u00e4geln, Seitenteilen aus Siebdruckplatte und Aluminumrohr welches Tampa unter Spannung h\u00e4lt. Tampa wiegt ca. 2 kg und kann zusammengefaltet auf den R\u00fccken geschnallt werden und einfach an eine sch\u00f6ne Aussicht getragen werden. <\/p>\n<\/div>\n<\/div>\n\n\n\n<figure class=\"wp-block-image alignwide size-full\"><img decoding=\"async\" width=\"620\" height=\"324\" src=\"https:\/\/i0.wp.com\/phillippbusch.de\/wp-content\/uploads\/2021\/10\/Zeichenflache-4-Kopie-34.png?resize=620%2C324&#038;ssl=1\" alt=\"\" class=\"wp-image-1153\" srcset=\"https:\/\/i0.wp.com\/phillippbusch.de\/wp-content\/uploads\/2021\/10\/Zeichenflache-4-Kopie-34.png?w=684&amp;ssl=1 684w, https:\/\/i0.wp.com\/phillippbusch.de\/wp-content\/uploads\/2021\/10\/Zeichenflache-4-Kopie-34.png?resize=300%2C157&amp;ssl=1 300w\" sizes=\"(max-width: 620px) 100vw, 620px\" data-recalc-dims=\"1\" \/><\/figure>\n\n\n\n<figure class=\"wp-block-image alignwide size-full\"><img decoding=\"async\" width=\"620\" height=\"713\" src=\"https:\/\/i1.wp.com\/phillippbusch.de\/wp-content\/uploads\/2021\/10\/Zeichenflache-4-Kopie-33.png?resize=620%2C713&#038;ssl=1\" alt=\"\" class=\"wp-image-1151\" srcset=\"https:\/\/i1.wp.com\/phillippbusch.de\/wp-content\/uploads\/2021\/10\/Zeichenflache-4-Kopie-33.png?w=684&amp;ssl=1 684w, https:\/\/i1.wp.com\/phillippbusch.de\/wp-content\/uploads\/2021\/10\/Zeichenflache-4-Kopie-33.png?resize=261%2C300&amp;ssl=1 261w\" sizes=\"(max-width: 620px) 100vw, 620px\" data-recalc-dims=\"1\" \/><\/figure>\n\n\n\n<figure class=\"wp-block-image alignwide size-full\"><img decoding=\"async\" src=\"https:\/\/i1.wp.com\/phillippbusch.de\/wp-content\/uploads\/2021\/10\/2019_Busch_Phillipp_4.Semester_Bild_Mobel_4.jpg?w=620&#038;ssl=1\" alt=\"\" class=\"wp-image-931\" data-recalc-dims=\"1\"\/><\/figure>\n\n\n\n<figure class=\"wp-block-image alignwide size-large\"><img decoding=\"async\" width=\"620\" height=\"349\" src=\"https:\/\/i1.wp.com\/phillippbusch.de\/wp-content\/uploads\/2021\/10\/Zeichenflaeche-1-Kopie.png?resize=620%2C349&#038;ssl=1\" alt=\"\" class=\"wp-image-1777\" srcset=\"https:\/\/i1.wp.com\/phillippbusch.de\/wp-content\/uploads\/2021\/10\/Zeichenflaeche-1-Kopie.png?resize=1024%2C576&amp;ssl=1 1024w, https:\/\/i1.wp.com\/phillippbusch.de\/wp-content\/uploads\/2021\/10\/Zeichenflaeche-1-Kopie.png?resize=300%2C169&amp;ssl=1 300w, https:\/\/i1.wp.com\/phillippbusch.de\/wp-content\/uploads\/2021\/10\/Zeichenflaeche-1-Kopie.png?resize=768%2C432&amp;ssl=1 768w, https:\/\/i1.wp.com\/phillippbusch.de\/wp-content\/uploads\/2021\/10\/Zeichenflaeche-1-Kopie.png?resize=1536%2C864&amp;ssl=1 1536w, https:\/\/i1.wp.com\/phillippbusch.de\/wp-content\/uploads\/2021\/10\/Zeichenflaeche-1-Kopie.png?resize=1568%2C882&amp;ssl=1 1568w, https:\/\/i1.wp.com\/phillippbusch.de\/wp-content\/uploads\/2021\/10\/Zeichenflaeche-1-Kopie.png?w=1920&amp;ssl=1 1920w, https:\/\/i1.wp.com\/phillippbusch.de\/wp-content\/uploads\/2021\/10\/Zeichenflaeche-1-Kopie.png?w=1240&amp;ssl=1 1240w, https:\/\/i1.wp.com\/phillippbusch.de\/wp-content\/uploads\/2021\/10\/Zeichenflaeche-1-Kopie.png?w=1860&amp;ssl=1 1860w\" sizes=\"(max-width: 620px) 100vw, 620px\" data-recalc-dims=\"1\" \/><\/figure>\n","protected":false},"excerpt":{"rendered":"<p>TAMPA Die BECK Fastener Group wandte sich an die Hochschule Angewandte Kunst Schneeberg um ihre brandneue Entwicklung &#8211; den mit Druckluft geschossenen Holznagel LignoLoc &#8211; an seine kreativen Grenzen im M\u00f6belbau zu bringen. LignoLoc basiert auf der Funktion vom Verschmelzen des Nagels mit den Holzfasern eines Werkst\u00fccks. Dieses Prinzip \u00fcbertrug ich auf gebrauchtes Kletterseil und<a class=\"more-link\" href=\"https:\/\/phillippbusch.de\/?page_id=937\"><span class=\"screen-reader-text\">&#8222;Tampa&#8220;<\/span> weiterlesen<\/a><\/p>\n","protected":false},"author":1,"featured_media":0,"parent":1388,"menu_order":0,"comment_status":"closed","ping_status":"closed","template":"","meta":{"spay_email":"","footnotes":""},"class_list":["post-937","page","type-page","status-publish","hentry","entry"],"_links":{"self":[{"href":"https:\/\/phillippbusch.de\/index.php?rest_route=\/wp\/v2\/pages\/937","targetHints":{"allow":["GET"]}}],"collection":[{"href":"https:\/\/phillippbusch.de\/index.php?rest_route=\/wp\/v2\/pages"}],"about":[{"href":"https:\/\/phillippbusch.de\/index.php?rest_route=\/wp\/v2\/types\/page"}],"author":[{"embeddable":true,"href":"https:\/\/phillippbusch.de\/index.php?rest_route=\/wp\/v2\/users\/1"}],"replies":[{"embeddable":true,"href":"https:\/\/phillippbusch.de\/index.php?rest_route=%2Fwp%2Fv2%2Fcomments&post=937"}],"version-history":[{"count":15,"href":"https:\/\/phillippbusch.de\/index.php?rest_route=\/wp\/v2\/pages\/937\/revisions"}],"predecessor-version":[{"id":1789,"href":"https:\/\/phillippbusch.de\/index.php?rest_route=\/wp\/v2\/pages\/937\/revisions\/1789"}],"up":[{"embeddable":true,"href":"https:\/\/phillippbusch.de\/index.php?rest_route=\/wp\/v2\/pages\/1388"}],"wp:attachment":[{"href":"https:\/\/phillippbusch.de\/index.php?rest_route=%2Fwp%2Fv2%2Fmedia&parent=937"}],"curies":[{"name":"wp","href":"https:\/\/api.w.org\/{rel}","templated":true}]}}