{"id":870,"date":"2021-10-09T08:12:11","date_gmt":"2021-10-09T08:12:11","guid":{"rendered":"https:\/\/phillippbusch.de\/?page_id=870"},"modified":"2021-10-24T17:59:13","modified_gmt":"2021-10-24T17:59:13","slug":"hosche","status":"publish","type":"page","link":"https:\/\/phillippbusch.de\/?page_id=870","title":{"rendered":"Hosche"},"content":{"rendered":"\n<div class=\"wp-block-columns alignwide is-layout-flex wp-container-core-columns-is-layout-9d6595d7 wp-block-columns-is-layout-flex\">\n<div class=\"wp-block-column is-layout-flow wp-block-column-is-layout-flow\">\n<p class=\"has-normal-font-size\">In Kooperation mit der Stadt Annaberg-Buchholz entstanden dieses teilmobile Spielger\u00e4t f\u00fcr die Einkaufsstra\u00dfe der Stadt. Hier im Modell zu sehen: eine Schaukel, die sich an die Bergbau-Vergangenheit, aber vor allem die ans\u00e4ssige Posamenten-Herstellung anlehnt. In der Realisierung sollte das Gestell aus Stahl geschwei\u00dft und die Posamente aus Kunsthanf hergestellt werden um dem lokalen Wetter zu trotzen.  <\/p>\n<\/div>\n\n\n\n<div class=\"wp-block-column is-layout-flow wp-block-column-is-layout-flow\">\n<h2 class=\"wp-block-heading\">HOSCHE<\/h2>\n<\/div>\n<\/div>\n\n\n\n<figure class=\"wp-block-image alignwide size-large\"><img decoding=\"async\" width=\"620\" height=\"388\" src=\"https:\/\/i2.wp.com\/phillippbusch.de\/wp-content\/uploads\/2021\/10\/IMG_7011-1.png?resize=620%2C388&#038;ssl=1\" alt=\"\" class=\"wp-image-875\" srcset=\"https:\/\/i2.wp.com\/phillippbusch.de\/wp-content\/uploads\/2021\/10\/IMG_7011-1.png?resize=1024%2C640&amp;ssl=1 1024w, https:\/\/i2.wp.com\/phillippbusch.de\/wp-content\/uploads\/2021\/10\/IMG_7011-1.png?resize=300%2C187&amp;ssl=1 300w, https:\/\/i2.wp.com\/phillippbusch.de\/wp-content\/uploads\/2021\/10\/IMG_7011-1.png?resize=768%2C480&amp;ssl=1 768w, https:\/\/i2.wp.com\/phillippbusch.de\/wp-content\/uploads\/2021\/10\/IMG_7011-1.png?resize=1536%2C960&amp;ssl=1 1536w, https:\/\/i2.wp.com\/phillippbusch.de\/wp-content\/uploads\/2021\/10\/IMG_7011-1.png?w=1565&amp;ssl=1 1565w, https:\/\/i2.wp.com\/phillippbusch.de\/wp-content\/uploads\/2021\/10\/IMG_7011-1.png?w=1240&amp;ssl=1 1240w\" sizes=\"(max-width: 620px) 100vw, 620px\" data-recalc-dims=\"1\" \/><\/figure>\n\n\n\n<figure class=\"wp-block-image alignwide size-large\"><img decoding=\"async\" width=\"620\" height=\"930\" src=\"https:\/\/i0.wp.com\/phillippbusch.de\/wp-content\/uploads\/2021\/10\/IMG_7014-3.png?resize=620%2C930&#038;ssl=1\" alt=\"\" class=\"wp-image-876\" srcset=\"https:\/\/i0.wp.com\/phillippbusch.de\/wp-content\/uploads\/2021\/10\/IMG_7014-3.png?resize=683%2C1024&amp;ssl=1 683w, https:\/\/i0.wp.com\/phillippbusch.de\/wp-content\/uploads\/2021\/10\/IMG_7014-3.png?resize=200%2C300&amp;ssl=1 200w, https:\/\/i0.wp.com\/phillippbusch.de\/wp-content\/uploads\/2021\/10\/IMG_7014-3.png?resize=768%2C1152&amp;ssl=1 768w, https:\/\/i0.wp.com\/phillippbusch.de\/wp-content\/uploads\/2021\/10\/IMG_7014-3.png?resize=1024%2C1536&amp;ssl=1 1024w, https:\/\/i0.wp.com\/phillippbusch.de\/wp-content\/uploads\/2021\/10\/IMG_7014-3.png?w=1210&amp;ssl=1 1210w\" sizes=\"(max-width: 620px) 100vw, 620px\" data-recalc-dims=\"1\" \/><\/figure>\n\n\n\n<figure class=\"wp-block-image alignwide size-full\"><img decoding=\"async\" width=\"620\" height=\"412\" src=\"https:\/\/i1.wp.com\/phillippbusch.de\/wp-content\/uploads\/2021\/10\/Zeichenflache-4-Kopie-35.png?resize=620%2C412&#038;ssl=1\" alt=\"\" class=\"wp-image-1155\" srcset=\"https:\/\/i1.wp.com\/phillippbusch.de\/wp-content\/uploads\/2021\/10\/Zeichenflache-4-Kopie-35.png?w=684&amp;ssl=1 684w, https:\/\/i1.wp.com\/phillippbusch.de\/wp-content\/uploads\/2021\/10\/Zeichenflache-4-Kopie-35.png?resize=300%2C200&amp;ssl=1 300w\" sizes=\"(max-width: 620px) 100vw, 620px\" data-recalc-dims=\"1\" \/><\/figure>\n\n\n\n<div class=\"wp-block-columns alignfull is-layout-flex wp-container-core-columns-is-layout-9d6595d7 wp-block-columns-is-layout-flex\">\n<div class=\"wp-block-column is-layout-flow wp-block-column-is-layout-flow\">\n<div style=\"height:30px\" aria-hidden=\"true\" class=\"wp-block-spacer\"><\/div>\n<\/div>\n<\/div>\n\n\n\n<p><\/p>\n","protected":false},"excerpt":{"rendered":"<p>In Kooperation mit der Stadt Annaberg-Buchholz entstanden dieses teilmobile Spielger\u00e4t f\u00fcr die Einkaufsstra\u00dfe der Stadt. Hier im Modell zu sehen: eine Schaukel, die sich an die Bergbau-Vergangenheit, aber vor allem die ans\u00e4ssige Posamenten-Herstellung anlehnt. In der Realisierung sollte das Gestell aus Stahl geschwei\u00dft und die Posamente aus Kunsthanf hergestellt werden um dem lokalen Wetter zu<a class=\"more-link\" href=\"https:\/\/phillippbusch.de\/?page_id=870\"><span class=\"screen-reader-text\">&#8222;Hosche&#8220;<\/span> weiterlesen<\/a><\/p>\n","protected":false},"author":1,"featured_media":0,"parent":1388,"menu_order":0,"comment_status":"closed","ping_status":"closed","template":"","meta":{"spay_email":"","footnotes":""},"class_list":["post-870","page","type-page","status-publish","hentry","entry"],"_links":{"self":[{"href":"https:\/\/phillippbusch.de\/index.php?rest_route=\/wp\/v2\/pages\/870","targetHints":{"allow":["GET"]}}],"collection":[{"href":"https:\/\/phillippbusch.de\/index.php?rest_route=\/wp\/v2\/pages"}],"about":[{"href":"https:\/\/phillippbusch.de\/index.php?rest_route=\/wp\/v2\/types\/page"}],"author":[{"embeddable":true,"href":"https:\/\/phillippbusch.de\/index.php?rest_route=\/wp\/v2\/users\/1"}],"replies":[{"embeddable":true,"href":"https:\/\/phillippbusch.de\/index.php?rest_route=%2Fwp%2Fv2%2Fcomments&post=870"}],"version-history":[{"count":13,"href":"https:\/\/phillippbusch.de\/index.php?rest_route=\/wp\/v2\/pages\/870\/revisions"}],"predecessor-version":[{"id":1858,"href":"https:\/\/phillippbusch.de\/index.php?rest_route=\/wp\/v2\/pages\/870\/revisions\/1858"}],"up":[{"embeddable":true,"href":"https:\/\/phillippbusch.de\/index.php?rest_route=\/wp\/v2\/pages\/1388"}],"wp:attachment":[{"href":"https:\/\/phillippbusch.de\/index.php?rest_route=%2Fwp%2Fv2%2Fmedia&parent=870"}],"curies":[{"name":"wp","href":"https:\/\/api.w.org\/{rel}","templated":true}]}}