{"id":765,"date":"2021-10-08T14:04:39","date_gmt":"2021-10-08T14:04:39","guid":{"rendered":"https:\/\/phillippbusch.de\/?page_id=765"},"modified":"2021-10-20T19:12:06","modified_gmt":"2021-10-20T19:12:06","slug":"teser","status":"publish","type":"page","link":"https:\/\/phillippbusch.de\/?page_id=765","title":{"rendered":"TEASER"},"content":{"rendered":"\n<h2 class=\"wp-block-heading\">AKS-TEASER<\/h2>\n\n\n\n<figure class=\"wp-block-embed is-type-video is-provider-vimeo wp-block-embed-vimeo wp-embed-aspect-16-9 wp-has-aspect-ratio\"><div class=\"wp-block-embed__wrapper\">\n<iframe title=\"AKS Teaser\" src=\"https:\/\/player.vimeo.com\/video\/631770253?dnt=1&amp;app_id=122963\" width=\"620\" height=\"349\" frameborder=\"0\" allow=\"autoplay; fullscreen; picture-in-picture; clipboard-write\"><\/iframe>\n<\/div><\/figure>\n\n\n\n<p>Der Teaser entstand als Semesterprojekt im 3. Semester und wurde als Werbe-Clip f\u00fcr die Hochschule genutzt. <\/p>\n\n\n\n<p>Kamera und Schnitt : Phillipp Busch und Lino Ehrenstein <\/p>\n\n\n\n<p><\/p>\n\n\n\n<h2 class=\"wp-block-heading\">BEHIND THE SCENES<\/h2>\n\n\n\n<figure class=\"wp-block-embed is-type-video is-provider-vimeo wp-block-embed-vimeo wp-embed-aspect-16-9 wp-has-aspect-ratio\"><div class=\"wp-block-embed__wrapper\">\n<iframe title=\"behind the scenes\" src=\"https:\/\/player.vimeo.com\/video\/636289638?dnt=1&amp;app_id=122963\" width=\"620\" height=\"349\" frameborder=\"0\" allow=\"autoplay; fullscreen; picture-in-picture; clipboard-write\"><\/iframe>\n<\/div><\/figure>\n\n\n\n<p>Als freiwilliges Nebenprojekt entstand zus\u00e4tzlich dieser Clip der einen Einblick hinter die Kulissen des Filmdrehs f\u00fcr den AKS-TEASER gew\u00e4hrt. <\/p>\n\n\n\n<p>Kamera und Schnitt : Phillipp Busch und Lino Ehrenstein  <\/p>\n","protected":false},"excerpt":{"rendered":"<p>AKS-TEASER Der Teaser entstand als Semesterprojekt im 3. Semester und wurde als Werbe-Clip f\u00fcr die Hochschule genutzt. Kamera und Schnitt : Phillipp Busch und Lino Ehrenstein BEHIND THE SCENES Als freiwilliges Nebenprojekt entstand zus\u00e4tzlich dieser Clip der einen Einblick hinter die Kulissen des Filmdrehs f\u00fcr den AKS-TEASER gew\u00e4hrt. Kamera und Schnitt : Phillipp Busch und<a class=\"more-link\" href=\"https:\/\/phillippbusch.de\/?page_id=765\"><span class=\"screen-reader-text\">&#8222;TEASER&#8220;<\/span> weiterlesen<\/a><\/p>\n","protected":false},"author":1,"featured_media":0,"parent":1388,"menu_order":0,"comment_status":"closed","ping_status":"closed","template":"","meta":{"spay_email":"","footnotes":""},"class_list":["post-765","page","type-page","status-publish","hentry","entry"],"_links":{"self":[{"href":"https:\/\/phillippbusch.de\/index.php?rest_route=\/wp\/v2\/pages\/765","targetHints":{"allow":["GET"]}}],"collection":[{"href":"https:\/\/phillippbusch.de\/index.php?rest_route=\/wp\/v2\/pages"}],"about":[{"href":"https:\/\/phillippbusch.de\/index.php?rest_route=\/wp\/v2\/types\/page"}],"author":[{"embeddable":true,"href":"https:\/\/phillippbusch.de\/index.php?rest_route=\/wp\/v2\/users\/1"}],"replies":[{"embeddable":true,"href":"https:\/\/phillippbusch.de\/index.php?rest_route=%2Fwp%2Fv2%2Fcomments&post=765"}],"version-history":[{"count":15,"href":"https:\/\/phillippbusch.de\/index.php?rest_route=\/wp\/v2\/pages\/765\/revisions"}],"predecessor-version":[{"id":1745,"href":"https:\/\/phillippbusch.de\/index.php?rest_route=\/wp\/v2\/pages\/765\/revisions\/1745"}],"up":[{"embeddable":true,"href":"https:\/\/phillippbusch.de\/index.php?rest_route=\/wp\/v2\/pages\/1388"}],"wp:attachment":[{"href":"https:\/\/phillippbusch.de\/index.php?rest_route=%2Fwp%2Fv2%2Fmedia&parent=765"}],"curies":[{"name":"wp","href":"https:\/\/api.w.org\/{rel}","templated":true}]}}