{"id":1470,"date":"2021-10-18T19:26:21","date_gmt":"2021-10-18T19:26:21","guid":{"rendered":"https:\/\/phillippbusch.de\/?page_id=1470"},"modified":"2021-10-24T18:15:16","modified_gmt":"2021-10-24T18:15:16","slug":"1470-2","status":"publish","type":"page","link":"https:\/\/phillippbusch.de\/?page_id=1470","title":{"rendered":"VOM BERG NEU"},"content":{"rendered":"\n<div class=\"wp-block-columns alignwide is-layout-flex wp-container-core-columns-is-layout-9d6595d7 wp-block-columns-is-layout-flex\">\n<div class=\"wp-block-column is-layout-flow wp-block-column-is-layout-flow\">\n<h2 class=\"wp-block-heading\">VOM BERG<\/h2>\n<\/div>\n\n\n\n<div class=\"wp-block-column is-layout-flow wp-block-column-is-layout-flow\">\n<p>Am Anfang standen neun Objekte, entworfen von Studenten mit Bezug zur Montan Region Erzgebirge, und ein leerstehendes Haus in der Stadtmitte von Schneeberg. <\/p>\n\n\n\n<p>Pr\u00e4gend f\u00fcr die Objekte und die Region ist der Bergbau so sollte auch die Ausstellung der Objekte im leerstehenden Haus  unter diesem \u00dcberthema umgesetzt werden. <\/p>\n\n\n\n<p>Das Haus war in einem bauf\u00e4lligen Zustand und eine Begehung des obersten Stockes nur unter Auflagen m\u00f6glich. Passend zum Konzept und dem Zustand des Geb\u00e4udes legte ich Wege im obersten Stock als Podeste aus Holz an, wie man es aus alten Bergwerken kennt.<\/p>\n<\/div>\n\n\n\n<div class=\"wp-block-column is-layout-flow wp-block-column-is-layout-flow\">\n<p>Um dieses Gef\u00fchl in der Ausstellung zu verst\u00e4rken setzte ich im obersten Stock ausschlie\u00dflich auf Taschenlampen als Beleuchtung der Objekte aber auch Taschenlampen f\u00fcr den Besucher zum Erkunden der Ausstellung. Zum einen um das Entdecker-Gef\u00fchl anzuregen aber auch um die Auflagen der Feuerwehr zu erf\u00fcllen war deren Anzahl begrenzt.  <\/p>\n\n\n\n<p>Auch die Beleuchtung im ersten Stock der Ausstellung wurde passend dem Konzept mit Lampen als Leihgabe der Bergsicherung realisiert.<\/p>\n\n\n\n<p>Sich dem Konzept unterordnend entstand auch eine Stele f\u00fcr die Ausstellung aus Materialen, die in der Sicherung von historischen Bergwerken Verwendung finden.<\/p>\n<\/div>\n\n\n\n<div class=\"wp-block-column is-layout-flow wp-block-column-is-layout-flow\">\n<p>Die Stele aus Gitter und Beton soll, erg\u00e4nzend zu den Plakaten der Objekte, dem Besucher \u00fcber ein integriertes iPad, auf dem eine Website <\/p>\n\n\n\n<p><a href=\"http:\/\/vom-berg.online\/\" data-type=\"URL\" data-id=\"http:\/\/vom-berg.online\/\">http:\/\/vom-berg.online\/<\/a><\/p>\n\n\n\n<p>als offline Kiosk l\u00e4uft,  Informationen bereitstellen. Wie auf der Website zu sehen gibt es zu jedem der Objekte ein Mini-Interview des Gestalters. Diese Videos sind auch noch einmal in der App Yona abrufbar. Die AR Anwendung Yona in Kombination mit Visitenkarten zu jedem Objekt sollte Besuchern  erm\u00f6glichen die Videos und die 3S Objekte zuhause noch einmal anzuschauen. <\/p>\n<\/div>\n\n\n\n<div class=\"wp-block-column is-layout-flow wp-block-column-is-layout-flow\">\n<p>Alle grafischen Elemente wie die Plakate, Visitenkarten und die Website orientieren sich an industriellen Schildern. <\/p>\n\n\n\n<p>Die Konzeption und Realisierung der Ausstellung fand in einem Rahmen von vier Monaten statt. Ge\u00f6ffnet hatte die Ausstellung vom 22.07.21 bis 08.08.21 am F\u00fcrstenplatz in Schneeberg. <\/p>\n<\/div>\n<\/div>\n\n\n\n<figure class=\"wp-block-embed alignwide is-type-video is-provider-vimeo wp-block-embed-vimeo wp-embed-aspect-16-9 wp-has-aspect-ratio\"><div class=\"wp-block-embed__wrapper\">\n<iframe title=\"VOM_BERG.mp4\" src=\"https:\/\/player.vimeo.com\/video\/631121825?dnt=1&amp;app_id=122963\" width=\"620\" height=\"349\" frameborder=\"0\" allow=\"autoplay; fullscreen; picture-in-picture; clipboard-write\"><\/iframe>\n<\/div><\/figure>\n\n\n\n<figure class=\"wp-block-image alignwide size-full\"><img decoding=\"async\" width=\"620\" height=\"897\" src=\"https:\/\/i1.wp.com\/phillippbusch.de\/wp-content\/uploads\/2021\/10\/Zeichenflaeche-34-Kopie-2@05x.png?resize=620%2C897&#038;ssl=1\" alt=\"\" class=\"wp-image-1718\" srcset=\"https:\/\/i1.wp.com\/phillippbusch.de\/wp-content\/uploads\/2021\/10\/Zeichenflaeche-34-Kopie-2@05x.png?w=661&amp;ssl=1 661w, https:\/\/i1.wp.com\/phillippbusch.de\/wp-content\/uploads\/2021\/10\/Zeichenflaeche-34-Kopie-2@05x.png?resize=207%2C300&amp;ssl=1 207w\" sizes=\"(max-width: 620px) 100vw, 620px\" data-recalc-dims=\"1\" \/><\/figure>\n\n\n\n<div class=\"wp-block-columns alignwide is-layout-flex wp-container-core-columns-is-layout-9d6595d7 wp-block-columns-is-layout-flex\">\n<div class=\"wp-block-column is-layout-flow wp-block-column-is-layout-flow\">\n<figure class=\"wp-block-image size-full\"><img decoding=\"async\" width=\"620\" height=\"897\" src=\"https:\/\/i1.wp.com\/phillippbusch.de\/wp-content\/uploads\/2021\/10\/Zeichenflaeche-34@05x.png?resize=620%2C897&#038;ssl=1\" alt=\"\" class=\"wp-image-1720\" srcset=\"https:\/\/i1.wp.com\/phillippbusch.de\/wp-content\/uploads\/2021\/10\/Zeichenflaeche-34@05x.png?w=661&amp;ssl=1 661w, https:\/\/i1.wp.com\/phillippbusch.de\/wp-content\/uploads\/2021\/10\/Zeichenflaeche-34@05x.png?resize=207%2C300&amp;ssl=1 207w\" sizes=\"(max-width: 620px) 100vw, 620px\" data-recalc-dims=\"1\" \/><\/figure>\n<\/div>\n\n\n\n<div class=\"wp-block-column is-layout-flow wp-block-column-is-layout-flow\">\n<figure class=\"wp-block-image size-full\"><img decoding=\"async\" width=\"620\" height=\"895\" src=\"https:\/\/i1.wp.com\/phillippbusch.de\/wp-content\/uploads\/2021\/10\/Zeichenflaeche-34-Kopie@05x.png?resize=620%2C895&#038;ssl=1\" alt=\"\" class=\"wp-image-1719\" srcset=\"https:\/\/i1.wp.com\/phillippbusch.de\/wp-content\/uploads\/2021\/10\/Zeichenflaeche-34-Kopie@05x.png?w=662&amp;ssl=1 662w, https:\/\/i1.wp.com\/phillippbusch.de\/wp-content\/uploads\/2021\/10\/Zeichenflaeche-34-Kopie@05x.png?resize=208%2C300&amp;ssl=1 208w\" sizes=\"(max-width: 620px) 100vw, 620px\" data-recalc-dims=\"1\" \/><\/figure>\n<\/div>\n<\/div>\n\n\n\n<figure class=\"wp-block-video alignwide\"><video height=\"1080\" style=\"aspect-ratio: 1920 \/ 1080;\" width=\"1920\" controls src=\"https:\/\/phillippbusch.de\/wp-content\/uploads\/2021\/10\/IMG_0503_1_1.mp4\"><\/video><\/figure>\n\n\n\n<figure class=\"wp-block-image alignwide size-full\"><img decoding=\"async\" width=\"620\" height=\"417\" src=\"https:\/\/i2.wp.com\/phillippbusch.de\/wp-content\/uploads\/2021\/10\/Zeichenflaeche-41@05x.png?resize=620%2C417&#038;ssl=1\" alt=\"\" class=\"wp-image-1766\" srcset=\"https:\/\/i2.wp.com\/phillippbusch.de\/wp-content\/uploads\/2021\/10\/Zeichenflaeche-41@05x.png?w=960&amp;ssl=1 960w, https:\/\/i2.wp.com\/phillippbusch.de\/wp-content\/uploads\/2021\/10\/Zeichenflaeche-41@05x.png?resize=300%2C202&amp;ssl=1 300w, https:\/\/i2.wp.com\/phillippbusch.de\/wp-content\/uploads\/2021\/10\/Zeichenflaeche-41@05x.png?resize=768%2C517&amp;ssl=1 768w\" sizes=\"(max-width: 620px) 100vw, 620px\" data-recalc-dims=\"1\" \/><\/figure>\n\n\n\n<figure class=\"wp-block-image alignwide size-full\"><img decoding=\"async\" width=\"620\" height=\"417\" src=\"https:\/\/i0.wp.com\/phillippbusch.de\/wp-content\/uploads\/2021\/10\/Zeichenflaeche-42@05x.png?resize=620%2C417&#038;ssl=1\" alt=\"\" class=\"wp-image-1765\" srcset=\"https:\/\/i0.wp.com\/phillippbusch.de\/wp-content\/uploads\/2021\/10\/Zeichenflaeche-42@05x.png?w=960&amp;ssl=1 960w, https:\/\/i0.wp.com\/phillippbusch.de\/wp-content\/uploads\/2021\/10\/Zeichenflaeche-42@05x.png?resize=300%2C202&amp;ssl=1 300w, https:\/\/i0.wp.com\/phillippbusch.de\/wp-content\/uploads\/2021\/10\/Zeichenflaeche-42@05x.png?resize=768%2C517&amp;ssl=1 768w\" sizes=\"(max-width: 620px) 100vw, 620px\" data-recalc-dims=\"1\" \/><\/figure>\n\n\n\n<figure class=\"wp-block-image alignwide size-large\"><img decoding=\"async\" width=\"620\" height=\"152\" src=\"https:\/\/i0.wp.com\/phillippbusch.de\/wp-content\/uploads\/2021\/10\/Zeichenflaeche-6.png?resize=620%2C152&#038;ssl=1\" alt=\"\" class=\"wp-image-1498\" srcset=\"https:\/\/i0.wp.com\/phillippbusch.de\/wp-content\/uploads\/2021\/10\/Zeichenflaeche-6.png?resize=1024%2C251&amp;ssl=1 1024w, https:\/\/i0.wp.com\/phillippbusch.de\/wp-content\/uploads\/2021\/10\/Zeichenflaeche-6.png?resize=300%2C73&amp;ssl=1 300w, https:\/\/i0.wp.com\/phillippbusch.de\/wp-content\/uploads\/2021\/10\/Zeichenflaeche-6.png?resize=768%2C188&amp;ssl=1 768w, https:\/\/i0.wp.com\/phillippbusch.de\/wp-content\/uploads\/2021\/10\/Zeichenflaeche-6.png?resize=1536%2C376&amp;ssl=1 1536w, https:\/\/i0.wp.com\/phillippbusch.de\/wp-content\/uploads\/2021\/10\/Zeichenflaeche-6.png?resize=1568%2C384&amp;ssl=1 1568w, https:\/\/i0.wp.com\/phillippbusch.de\/wp-content\/uploads\/2021\/10\/Zeichenflaeche-6.png?w=1920&amp;ssl=1 1920w, https:\/\/i0.wp.com\/phillippbusch.de\/wp-content\/uploads\/2021\/10\/Zeichenflaeche-6.png?w=1240&amp;ssl=1 1240w, https:\/\/i0.wp.com\/phillippbusch.de\/wp-content\/uploads\/2021\/10\/Zeichenflaeche-6.png?w=1860&amp;ssl=1 1860w\" sizes=\"(max-width: 620px) 100vw, 620px\" data-recalc-dims=\"1\" \/><\/figure>\n\n\n\n<div class=\"wp-block-columns alignwide is-layout-flex wp-container-core-columns-is-layout-9d6595d7 wp-block-columns-is-layout-flex\">\n<div class=\"wp-block-column is-layout-flow wp-block-column-is-layout-flow\">\n<figure class=\"wp-block-image size-full\"><img decoding=\"async\" width=\"540\" height=\"960\" src=\"https:\/\/i1.wp.com\/phillippbusch.de\/wp-content\/uploads\/2021\/10\/Zeichenflaeche-3@05x.png?resize=540%2C960&#038;ssl=1\" alt=\"\" class=\"wp-image-1506\" srcset=\"https:\/\/i1.wp.com\/phillippbusch.de\/wp-content\/uploads\/2021\/10\/Zeichenflaeche-3@05x.png?w=540&amp;ssl=1 540w, https:\/\/i1.wp.com\/phillippbusch.de\/wp-content\/uploads\/2021\/10\/Zeichenflaeche-3@05x.png?resize=169%2C300&amp;ssl=1 169w\" sizes=\"(max-width: 540px) 100vw, 540px\" data-recalc-dims=\"1\" \/><\/figure>\n<\/div>\n\n\n\n<div class=\"wp-block-column is-layout-flow wp-block-column-is-layout-flow\">\n<figure class=\"wp-block-image size-large\"><img decoding=\"async\" width=\"576\" height=\"1024\" src=\"https:\/\/i1.wp.com\/phillippbusch.de\/wp-content\/uploads\/2021\/10\/Zeichenflaeche-5.png?resize=576%2C1024&#038;ssl=1\" alt=\"\" class=\"wp-image-1499\" srcset=\"https:\/\/i1.wp.com\/phillippbusch.de\/wp-content\/uploads\/2021\/10\/Zeichenflaeche-5.png?resize=576%2C1024&amp;ssl=1 576w, https:\/\/i1.wp.com\/phillippbusch.de\/wp-content\/uploads\/2021\/10\/Zeichenflaeche-5.png?resize=169%2C300&amp;ssl=1 169w, https:\/\/i1.wp.com\/phillippbusch.de\/wp-content\/uploads\/2021\/10\/Zeichenflaeche-5.png?resize=768%2C1365&amp;ssl=1 768w, https:\/\/i1.wp.com\/phillippbusch.de\/wp-content\/uploads\/2021\/10\/Zeichenflaeche-5.png?resize=864%2C1536&amp;ssl=1 864w, https:\/\/i1.wp.com\/phillippbusch.de\/wp-content\/uploads\/2021\/10\/Zeichenflaeche-5.png?w=1080&amp;ssl=1 1080w\" sizes=\"(max-width: 576px) 100vw, 576px\" data-recalc-dims=\"1\" \/><\/figure>\n<\/div>\n<\/div>\n\n\n\n<figure class=\"wp-block-image alignwide size-full\"><img decoding=\"async\" src=\"https:\/\/i0.wp.com\/phillippbusch.de\/wp-content\/uploads\/2021\/10\/IMG_3538-2.jpg?w=620&#038;ssl=1\" alt=\"\" class=\"wp-image-756\" data-recalc-dims=\"1\"\/><\/figure>\n\n\n\n<figure class=\"wp-block-image alignwide size-large\"><img decoding=\"async\" width=\"576\" height=\"1024\" src=\"https:\/\/i2.wp.com\/phillippbusch.de\/wp-content\/uploads\/2021\/10\/Zeichenflaeche-44@075x.png?resize=576%2C1024&#038;ssl=1\" alt=\"\" class=\"wp-image-1774\" srcset=\"https:\/\/i2.wp.com\/phillippbusch.de\/wp-content\/uploads\/2021\/10\/Zeichenflaeche-44@075x.png?resize=576%2C1024&amp;ssl=1 576w, https:\/\/i2.wp.com\/phillippbusch.de\/wp-content\/uploads\/2021\/10\/Zeichenflaeche-44@075x.png?resize=169%2C300&amp;ssl=1 169w, https:\/\/i2.wp.com\/phillippbusch.de\/wp-content\/uploads\/2021\/10\/Zeichenflaeche-44@075x.png?resize=768%2C1365&amp;ssl=1 768w, https:\/\/i2.wp.com\/phillippbusch.de\/wp-content\/uploads\/2021\/10\/Zeichenflaeche-44@075x.png?w=810&amp;ssl=1 810w\" sizes=\"(max-width: 576px) 100vw, 576px\" data-recalc-dims=\"1\" \/><\/figure>\n\n\n\n<div class=\"wp-block-columns alignwide is-layout-flex wp-container-core-columns-is-layout-9d6595d7 wp-block-columns-is-layout-flex\">\n<div class=\"wp-block-column is-layout-flow wp-block-column-is-layout-flow\">\n<figure class=\"wp-block-image size-full\"><img decoding=\"async\" width=\"540\" height=\"960\" src=\"https:\/\/i1.wp.com\/phillippbusch.de\/wp-content\/uploads\/2021\/10\/Zeichenflaeche-4@05x.png?resize=540%2C960&#038;ssl=1\" alt=\"\" class=\"wp-image-1507\" srcset=\"https:\/\/i1.wp.com\/phillippbusch.de\/wp-content\/uploads\/2021\/10\/Zeichenflaeche-4@05x.png?w=540&amp;ssl=1 540w, https:\/\/i1.wp.com\/phillippbusch.de\/wp-content\/uploads\/2021\/10\/Zeichenflaeche-4@05x.png?resize=169%2C300&amp;ssl=1 169w\" sizes=\"(max-width: 540px) 100vw, 540px\" data-recalc-dims=\"1\" \/><\/figure>\n<\/div>\n\n\n\n<div class=\"wp-block-column is-layout-flow wp-block-column-is-layout-flow\">\n<figure class=\"wp-block-image size-large\"><img decoding=\"async\" width=\"576\" height=\"1024\" src=\"https:\/\/i0.wp.com\/phillippbusch.de\/wp-content\/uploads\/2021\/10\/Zeichenflaeche-2.png?resize=576%2C1024&#038;ssl=1\" alt=\"\" class=\"wp-image-1502\" srcset=\"https:\/\/i0.wp.com\/phillippbusch.de\/wp-content\/uploads\/2021\/10\/Zeichenflaeche-2.png?resize=576%2C1024&amp;ssl=1 576w, https:\/\/i0.wp.com\/phillippbusch.de\/wp-content\/uploads\/2021\/10\/Zeichenflaeche-2.png?resize=169%2C300&amp;ssl=1 169w, https:\/\/i0.wp.com\/phillippbusch.de\/wp-content\/uploads\/2021\/10\/Zeichenflaeche-2.png?resize=768%2C1365&amp;ssl=1 768w, https:\/\/i0.wp.com\/phillippbusch.de\/wp-content\/uploads\/2021\/10\/Zeichenflaeche-2.png?resize=864%2C1536&amp;ssl=1 864w, https:\/\/i0.wp.com\/phillippbusch.de\/wp-content\/uploads\/2021\/10\/Zeichenflaeche-2.png?w=1080&amp;ssl=1 1080w\" sizes=\"(max-width: 576px) 100vw, 576px\" data-recalc-dims=\"1\" \/><\/figure>\n<\/div>\n\n\n\n<div class=\"wp-block-column is-layout-flow wp-block-column-is-layout-flow\">\n<figure class=\"wp-block-image size-full\"><img decoding=\"async\" width=\"540\" height=\"960\" src=\"https:\/\/i2.wp.com\/phillippbusch.de\/wp-content\/uploads\/2021\/10\/Zeichenflaeche-5@05x-1.png?resize=540%2C960&#038;ssl=1\" alt=\"\" class=\"wp-image-1510\" srcset=\"https:\/\/i2.wp.com\/phillippbusch.de\/wp-content\/uploads\/2021\/10\/Zeichenflaeche-5@05x-1.png?w=540&amp;ssl=1 540w, https:\/\/i2.wp.com\/phillippbusch.de\/wp-content\/uploads\/2021\/10\/Zeichenflaeche-5@05x-1.png?resize=169%2C300&amp;ssl=1 169w\" sizes=\"(max-width: 540px) 100vw, 540px\" data-recalc-dims=\"1\" \/><\/figure>\n<\/div>\n<\/div>\n\n\n\n<figure class=\"wp-block-image alignwide size-large\"><img decoding=\"async\" width=\"620\" height=\"417\" src=\"https:\/\/i2.wp.com\/phillippbusch.de\/wp-content\/uploads\/2021\/10\/Zeichenflaeche-10-Kopie.png?resize=620%2C417&#038;ssl=1\" alt=\"\" class=\"wp-image-1757\" srcset=\"https:\/\/i2.wp.com\/phillippbusch.de\/wp-content\/uploads\/2021\/10\/Zeichenflaeche-10-Kopie.png?resize=1024%2C689&amp;ssl=1 1024w, https:\/\/i2.wp.com\/phillippbusch.de\/wp-content\/uploads\/2021\/10\/Zeichenflaeche-10-Kopie.png?resize=300%2C202&amp;ssl=1 300w, https:\/\/i2.wp.com\/phillippbusch.de\/wp-content\/uploads\/2021\/10\/Zeichenflaeche-10-Kopie.png?resize=768%2C517&amp;ssl=1 768w, https:\/\/i2.wp.com\/phillippbusch.de\/wp-content\/uploads\/2021\/10\/Zeichenflaeche-10-Kopie.png?resize=1536%2C1034&amp;ssl=1 1536w, https:\/\/i2.wp.com\/phillippbusch.de\/wp-content\/uploads\/2021\/10\/Zeichenflaeche-10-Kopie.png?resize=1568%2C1055&amp;ssl=1 1568w, https:\/\/i2.wp.com\/phillippbusch.de\/wp-content\/uploads\/2021\/10\/Zeichenflaeche-10-Kopie.png?w=1920&amp;ssl=1 1920w, https:\/\/i2.wp.com\/phillippbusch.de\/wp-content\/uploads\/2021\/10\/Zeichenflaeche-10-Kopie.png?w=1240&amp;ssl=1 1240w, https:\/\/i2.wp.com\/phillippbusch.de\/wp-content\/uploads\/2021\/10\/Zeichenflaeche-10-Kopie.png?w=1860&amp;ssl=1 1860w\" sizes=\"(max-width: 620px) 100vw, 620px\" data-recalc-dims=\"1\" \/><\/figure>\n\n\n\n<figure class=\"wp-block-image alignwide size-large\"><img decoding=\"async\" width=\"576\" height=\"1024\" src=\"https:\/\/i2.wp.com\/phillippbusch.de\/wp-content\/uploads\/2021\/10\/vom_berg_arne1.png?resize=576%2C1024&#038;ssl=1\" alt=\"\" class=\"wp-image-1760\" srcset=\"https:\/\/i2.wp.com\/phillippbusch.de\/wp-content\/uploads\/2021\/10\/vom_berg_arne1.png?resize=576%2C1024&amp;ssl=1 576w, https:\/\/i2.wp.com\/phillippbusch.de\/wp-content\/uploads\/2021\/10\/vom_berg_arne1.png?resize=169%2C300&amp;ssl=1 169w, https:\/\/i2.wp.com\/phillippbusch.de\/wp-content\/uploads\/2021\/10\/vom_berg_arne1.png?resize=768%2C1365&amp;ssl=1 768w, https:\/\/i2.wp.com\/phillippbusch.de\/wp-content\/uploads\/2021\/10\/vom_berg_arne1.png?resize=864%2C1536&amp;ssl=1 864w, https:\/\/i2.wp.com\/phillippbusch.de\/wp-content\/uploads\/2021\/10\/vom_berg_arne1.png?w=1080&amp;ssl=1 1080w\" sizes=\"(max-width: 576px) 100vw, 576px\" data-recalc-dims=\"1\" \/><\/figure>\n\n\n\n<figure class=\"wp-block-image alignwide size-full\"><img decoding=\"async\" src=\"https:\/\/i1.wp.com\/phillippbusch.de\/wp-content\/uploads\/2021\/10\/MG_3963-3.jpg?w=620&#038;ssl=1\" alt=\"\" class=\"wp-image-747\" data-recalc-dims=\"1\"\/><\/figure>\n\n\n\n<figure class=\"wp-block-image alignwide size-full\"><img decoding=\"async\" src=\"https:\/\/i1.wp.com\/phillippbusch.de\/wp-content\/uploads\/2021\/10\/MG_3182-2.jpg?w=620&#038;ssl=1\" alt=\"\" class=\"wp-image-744\" data-recalc-dims=\"1\"\/><\/figure>\n\n\n\n<div class=\"wp-block-columns alignwide is-layout-flex wp-container-core-columns-is-layout-9d6595d7 wp-block-columns-is-layout-flex\">\n<div class=\"wp-block-column is-layout-flow wp-block-column-is-layout-flow\">\n<figure class=\"wp-block-image alignwide size-full\"><img decoding=\"async\" width=\"620\" height=\"897\" src=\"https:\/\/i0.wp.com\/phillippbusch.de\/wp-content\/uploads\/2021\/10\/Zeichenflaeche-38@05x.png?resize=620%2C897&#038;ssl=1\" alt=\"\" class=\"wp-image-1728\" srcset=\"https:\/\/i0.wp.com\/phillippbusch.de\/wp-content\/uploads\/2021\/10\/Zeichenflaeche-38@05x.png?w=661&amp;ssl=1 661w, https:\/\/i0.wp.com\/phillippbusch.de\/wp-content\/uploads\/2021\/10\/Zeichenflaeche-38@05x.png?resize=207%2C300&amp;ssl=1 207w\" sizes=\"(max-width: 620px) 100vw, 620px\" data-recalc-dims=\"1\" \/><\/figure>\n<\/div>\n\n\n\n<div class=\"wp-block-column is-layout-flow wp-block-column-is-layout-flow\">\n<figure class=\"wp-block-image size-full\"><img decoding=\"async\" width=\"620\" height=\"895\" src=\"https:\/\/i0.wp.com\/phillippbusch.de\/wp-content\/uploads\/2021\/10\/Zeichenflaeche-35@05x.png?resize=620%2C895&#038;ssl=1\" alt=\"\" class=\"wp-image-1724\" srcset=\"https:\/\/i0.wp.com\/phillippbusch.de\/wp-content\/uploads\/2021\/10\/Zeichenflaeche-35@05x.png?w=662&amp;ssl=1 662w, https:\/\/i0.wp.com\/phillippbusch.de\/wp-content\/uploads\/2021\/10\/Zeichenflaeche-35@05x.png?resize=208%2C300&amp;ssl=1 208w\" sizes=\"(max-width: 620px) 100vw, 620px\" data-recalc-dims=\"1\" \/><\/figure>\n<\/div>\n<\/div>\n\n\n\n<figure class=\"wp-block-image alignwide size-full\"><img decoding=\"async\" width=\"620\" height=\"897\" src=\"https:\/\/i1.wp.com\/phillippbusch.de\/wp-content\/uploads\/2021\/10\/Zeichenflaeche-36@05x.png?resize=620%2C897&#038;ssl=1\" alt=\"\" class=\"wp-image-1725\" srcset=\"https:\/\/i1.wp.com\/phillippbusch.de\/wp-content\/uploads\/2021\/10\/Zeichenflaeche-36@05x.png?w=661&amp;ssl=1 661w, https:\/\/i1.wp.com\/phillippbusch.de\/wp-content\/uploads\/2021\/10\/Zeichenflaeche-36@05x.png?resize=207%2C300&amp;ssl=1 207w\" sizes=\"(max-width: 620px) 100vw, 620px\" data-recalc-dims=\"1\" \/><\/figure>\n\n\n\n<p><\/p>\n","protected":false},"excerpt":{"rendered":"<p>VOM BERG Am Anfang standen neun Objekte, entworfen von Studenten mit Bezug zur Montan Region Erzgebirge, und ein leerstehendes Haus in der Stadtmitte von Schneeberg. Pr\u00e4gend f\u00fcr die Objekte und die Region ist der Bergbau so sollte auch die Ausstellung der Objekte im leerstehenden Haus unter diesem \u00dcberthema umgesetzt werden. Das Haus war in einem<a class=\"more-link\" href=\"https:\/\/phillippbusch.de\/?page_id=1470\"><span class=\"screen-reader-text\">&#8222;VOM BERG NEU&#8220;<\/span> weiterlesen<\/a><\/p>\n","protected":false},"author":1,"featured_media":0,"parent":1388,"menu_order":0,"comment_status":"closed","ping_status":"closed","template":"","meta":{"spay_email":"","footnotes":""},"class_list":["post-1470","page","type-page","status-publish","hentry","entry"],"_links":{"self":[{"href":"https:\/\/phillippbusch.de\/index.php?rest_route=\/wp\/v2\/pages\/1470","targetHints":{"allow":["GET"]}}],"collection":[{"href":"https:\/\/phillippbusch.de\/index.php?rest_route=\/wp\/v2\/pages"}],"about":[{"href":"https:\/\/phillippbusch.de\/index.php?rest_route=\/wp\/v2\/types\/page"}],"author":[{"embeddable":true,"href":"https:\/\/phillippbusch.de\/index.php?rest_route=\/wp\/v2\/users\/1"}],"replies":[{"embeddable":true,"href":"https:\/\/phillippbusch.de\/index.php?rest_route=%2Fwp%2Fv2%2Fcomments&post=1470"}],"version-history":[{"count":36,"href":"https:\/\/phillippbusch.de\/index.php?rest_route=\/wp\/v2\/pages\/1470\/revisions"}],"predecessor-version":[{"id":1869,"href":"https:\/\/phillippbusch.de\/index.php?rest_route=\/wp\/v2\/pages\/1470\/revisions\/1869"}],"up":[{"embeddable":true,"href":"https:\/\/phillippbusch.de\/index.php?rest_route=\/wp\/v2\/pages\/1388"}],"wp:attachment":[{"href":"https:\/\/phillippbusch.de\/index.php?rest_route=%2Fwp%2Fv2%2Fmedia&parent=1470"}],"curies":[{"name":"wp","href":"https:\/\/api.w.org\/{rel}","templated":true}]}}