{"id":1431,"date":"2021-10-18T13:48:41","date_gmt":"2021-10-18T13:48:41","guid":{"rendered":"https:\/\/phillippbusch.de\/?page_id=1431"},"modified":"2021-10-24T17:57:39","modified_gmt":"2021-10-24T17:57:39","slug":"kruk-2","status":"publish","type":"page","link":"https:\/\/phillippbusch.de\/?page_id=1431","title":{"rendered":"KRUK 2"},"content":{"rendered":"\n<div class=\"wp-block-columns alignwide is-layout-flex wp-container-core-columns-is-layout-9d6595d7 wp-block-columns-is-layout-flex\">\n<div class=\"wp-block-column is-layout-flow wp-block-column-is-layout-flow\">\n<h2 class=\"wp-block-heading\">KRUK<\/h2>\n<\/div>\n\n\n\n<div class=\"wp-block-column is-layout-flow wp-block-column-is-layout-flow\">\n<p>Als Ergebnis einer Analyse und Interpretation von Gerrit Rietvelds Wheelbarrow entstand dieser klappbare Stuhl. <\/p>\n\n\n\n<p>Das Sitzm\u00f6bel Kruk l\u00e4sst sich wie eine Schubkarre kippen und gibt so seine zweite Sitzposition preis.&nbsp;<\/p>\n\n\n\n<p>Das zum Gro\u00dfteil aus Multiplexplatten gefertigte M\u00f6bel wird durch Beine aus Ahorn und durch eine mit Filz aus reiner Schurwolle verkleideten R\u00fcckrolle&nbsp;vervollst\u00e4ndigt.<\/p>\n<\/div>\n<\/div>\n\n\n\n<div class=\"wp-block-columns alignwide is-layout-flex wp-container-core-columns-is-layout-9d6595d7 wp-block-columns-is-layout-flex\">\n<div class=\"wp-block-column is-layout-flow wp-block-column-is-layout-flow\">\n<figure class=\"wp-block-image size-full\"><img decoding=\"async\" width=\"620\" height=\"896\" src=\"https:\/\/i2.wp.com\/phillippbusch.de\/wp-content\/uploads\/2021\/10\/Zeichenflache-4-Kopie-11.png?resize=620%2C896&#038;ssl=1\" alt=\"\" class=\"wp-image-1049\" srcset=\"https:\/\/i2.wp.com\/phillippbusch.de\/wp-content\/uploads\/2021\/10\/Zeichenflache-4-Kopie-11.png?w=684&amp;ssl=1 684w, https:\/\/i2.wp.com\/phillippbusch.de\/wp-content\/uploads\/2021\/10\/Zeichenflache-4-Kopie-11.png?resize=208%2C300&amp;ssl=1 208w\" sizes=\"(max-width: 620px) 100vw, 620px\" data-recalc-dims=\"1\" \/><\/figure>\n<\/div>\n\n\n\n<div class=\"wp-block-column is-layout-flow wp-block-column-is-layout-flow\">\n<figure class=\"wp-block-image size-full\"><img decoding=\"async\" width=\"620\" height=\"896\" src=\"https:\/\/i0.wp.com\/phillippbusch.de\/wp-content\/uploads\/2021\/10\/Zeichenflache-4-Kopie-10.png?resize=620%2C896&#038;ssl=1\" alt=\"\" class=\"wp-image-1048\" srcset=\"https:\/\/i0.wp.com\/phillippbusch.de\/wp-content\/uploads\/2021\/10\/Zeichenflache-4-Kopie-10.png?w=684&amp;ssl=1 684w, https:\/\/i0.wp.com\/phillippbusch.de\/wp-content\/uploads\/2021\/10\/Zeichenflache-4-Kopie-10.png?resize=208%2C300&amp;ssl=1 208w\" sizes=\"(max-width: 620px) 100vw, 620px\" data-recalc-dims=\"1\" \/><\/figure>\n<\/div>\n<\/div>\n\n\n\n<figure class=\"wp-block-image alignwide size-full\"><img decoding=\"async\" width=\"620\" height=\"930\" src=\"https:\/\/i0.wp.com\/phillippbusch.de\/wp-content\/uploads\/2021\/10\/MG_1317.png?resize=620%2C930&#038;ssl=1\" alt=\"\" class=\"wp-image-917\" srcset=\"https:\/\/i0.wp.com\/phillippbusch.de\/wp-content\/uploads\/2021\/10\/MG_1317.png?w=2282&amp;ssl=1 2282w, https:\/\/i0.wp.com\/phillippbusch.de\/wp-content\/uploads\/2021\/10\/MG_1317.png?resize=200%2C300&amp;ssl=1 200w, https:\/\/i0.wp.com\/phillippbusch.de\/wp-content\/uploads\/2021\/10\/MG_1317.png?w=1240&amp;ssl=1 1240w, https:\/\/i0.wp.com\/phillippbusch.de\/wp-content\/uploads\/2021\/10\/MG_1317.png?w=1860&amp;ssl=1 1860w\" sizes=\"(max-width: 620px) 100vw, 620px\" data-recalc-dims=\"1\" \/><\/figure>\n\n\n\n<figure class=\"wp-block-image alignwide size-full\"><img decoding=\"async\" width=\"620\" height=\"491\" src=\"https:\/\/i2.wp.com\/phillippbusch.de\/wp-content\/uploads\/2021\/10\/MG_1307.png?resize=620%2C491&#038;ssl=1\" alt=\"\" class=\"wp-image-916\" srcset=\"https:\/\/i2.wp.com\/phillippbusch.de\/wp-content\/uploads\/2021\/10\/MG_1307.png?w=3339&amp;ssl=1 3339w, https:\/\/i2.wp.com\/phillippbusch.de\/wp-content\/uploads\/2021\/10\/MG_1307.png?resize=300%2C238&amp;ssl=1 300w, https:\/\/i2.wp.com\/phillippbusch.de\/wp-content\/uploads\/2021\/10\/MG_1307.png?w=1240&amp;ssl=1 1240w, https:\/\/i2.wp.com\/phillippbusch.de\/wp-content\/uploads\/2021\/10\/MG_1307.png?w=1860&amp;ssl=1 1860w\" sizes=\"(max-width: 620px) 100vw, 620px\" data-recalc-dims=\"1\" \/><\/figure>\n\n\n\n<figure class=\"wp-block-image alignwide size-large\"><img decoding=\"async\" width=\"620\" height=\"865\" src=\"https:\/\/i2.wp.com\/phillippbusch.de\/wp-content\/uploads\/2021\/10\/Zeichenflaeche-9-Kopie.png?resize=620%2C865&#038;ssl=1\" alt=\"\" class=\"wp-image-1707\" srcset=\"https:\/\/i2.wp.com\/phillippbusch.de\/wp-content\/uploads\/2021\/10\/Zeichenflaeche-9-Kopie.png?resize=734%2C1024&amp;ssl=1 734w, https:\/\/i2.wp.com\/phillippbusch.de\/wp-content\/uploads\/2021\/10\/Zeichenflaeche-9-Kopie.png?resize=215%2C300&amp;ssl=1 215w, https:\/\/i2.wp.com\/phillippbusch.de\/wp-content\/uploads\/2021\/10\/Zeichenflaeche-9-Kopie.png?resize=768%2C1072&amp;ssl=1 768w, https:\/\/i2.wp.com\/phillippbusch.de\/wp-content\/uploads\/2021\/10\/Zeichenflaeche-9-Kopie.png?w=1080&amp;ssl=1 1080w\" sizes=\"(max-width: 620px) 100vw, 620px\" data-recalc-dims=\"1\" \/><\/figure>\n","protected":false},"excerpt":{"rendered":"<p>KRUK Als Ergebnis einer Analyse und Interpretation von Gerrit Rietvelds Wheelbarrow entstand dieser klappbare Stuhl. Das Sitzm\u00f6bel Kruk l\u00e4sst sich wie eine Schubkarre kippen und gibt so seine zweite Sitzposition preis.&nbsp; Das zum Gro\u00dfteil aus Multiplexplatten gefertigte M\u00f6bel wird durch Beine aus Ahorn und durch eine mit Filz aus reiner Schurwolle verkleideten R\u00fcckrolle&nbsp;vervollst\u00e4ndigt.<\/p>\n","protected":false},"author":1,"featured_media":0,"parent":1388,"menu_order":0,"comment_status":"closed","ping_status":"closed","template":"","meta":{"spay_email":"","footnotes":""},"class_list":["post-1431","page","type-page","status-publish","hentry","entry"],"_links":{"self":[{"href":"https:\/\/phillippbusch.de\/index.php?rest_route=\/wp\/v2\/pages\/1431","targetHints":{"allow":["GET"]}}],"collection":[{"href":"https:\/\/phillippbusch.de\/index.php?rest_route=\/wp\/v2\/pages"}],"about":[{"href":"https:\/\/phillippbusch.de\/index.php?rest_route=\/wp\/v2\/types\/page"}],"author":[{"embeddable":true,"href":"https:\/\/phillippbusch.de\/index.php?rest_route=\/wp\/v2\/users\/1"}],"replies":[{"embeddable":true,"href":"https:\/\/phillippbusch.de\/index.php?rest_route=%2Fwp%2Fv2%2Fcomments&post=1431"}],"version-history":[{"count":16,"href":"https:\/\/phillippbusch.de\/index.php?rest_route=\/wp\/v2\/pages\/1431\/revisions"}],"predecessor-version":[{"id":1857,"href":"https:\/\/phillippbusch.de\/index.php?rest_route=\/wp\/v2\/pages\/1431\/revisions\/1857"}],"up":[{"embeddable":true,"href":"https:\/\/phillippbusch.de\/index.php?rest_route=\/wp\/v2\/pages\/1388"}],"wp:attachment":[{"href":"https:\/\/phillippbusch.de\/index.php?rest_route=%2Fwp%2Fv2%2Fmedia&parent=1431"}],"curies":[{"name":"wp","href":"https:\/\/api.w.org\/{rel}","templated":true}]}}