{"id":1410,"date":"2021-10-18T13:15:47","date_gmt":"2021-10-18T13:15:47","guid":{"rendered":"https:\/\/phillippbusch.de\/?page_id=1410"},"modified":"2021-11-20T15:46:38","modified_gmt":"2021-11-20T15:46:38","slug":"amplitude-2","status":"publish","type":"page","link":"https:\/\/phillippbusch.de\/?page_id=1410","title":{"rendered":"AMPLITUDE 2"},"content":{"rendered":"\n<div class=\"wp-block-columns alignwide is-layout-flex wp-container-core-columns-is-layout-9d6595d7 wp-block-columns-is-layout-flex\">\n<div class=\"wp-block-column is-layout-flow wp-block-column-is-layout-flow\">\n<p>Als Inspiration zu diesem Objekt diente die Zahl 3. Aus der Drei sollte ein Spiel entwickelt werden. Bei Amplitude taucht die 3 in der gezackten Art und Weise der Spielfl\u00e4che auf und auch die Aufzeichnung eines Erdbebens auf einem Seismographen w\u00fcrde an die Drei erinnern. <\/p>\n\n\n\n<p>Bei Amplitude m\u00fcssen zwei Spieler versuchen auf einer&nbsp;gezackten und einer topografisch anmutenden Spielfl\u00e4che simple Geb\u00e4ude zu bauen. Zuf\u00e4lligkeit erlangt das Spiel durch einen W\u00fcrfel, der den Spielern vorgibt&nbsp;welche Elemente verbaut werden&nbsp;m\u00fcssen.<\/p>\n<\/div>\n\n\n\n<div class=\"wp-block-column is-layout-flow wp-block-column-is-layout-flow\">\n<p class=\"has-text-align-left\">Am Ende nehmen die Spieler den Erbeben-Ausl\u00f6ser zur Hand und l\u00f6sen ein Beben aus. Die Geb\u00e4ude m\u00fcssen sich gegen&nbsp;den in den Korpus integrierten Vibrationsmechanismus behaupten. <\/p>\n\n\n\n<p>Der Erdbeben-Ausl\u00f6ser beinhaltet einen Magneten, welcher an einer au\u00dfen&nbsp;Kante der Spielfl\u00e4che vorbei gef\u00fchrt wird und dort \u201ezuf\u00e4llig\u201c platzierte Reedkontakte&nbsp;ausl\u00f6st. Die Reedkontakte schalten frei&nbsp;und der Unwucht Motor erzeugt das Beben.<\/p>\n\n\n\n<p>Zus\u00e4tzlich ist eine Spielanleitung entstanden. In dieser wird auch eine Anleitung zum Verhalten bei Erdbeben im wahren Leben gegeben. <\/p>\n<\/div>\n\n\n\n<div class=\"wp-block-column is-layout-flow wp-block-column-is-layout-flow\">\n<h2 class=\"wp-block-heading\">AMPLITUDE<\/h2>\n<\/div>\n<\/div>\n\n\n\n<figure class=\"wp-block-image alignwide size-full\"><img decoding=\"async\" width=\"620\" height=\"417\" src=\"https:\/\/i2.wp.com\/phillippbusch.de\/wp-content\/uploads\/2021\/10\/Zeichenflaeche-10-Kopie-3@05x.png?resize=620%2C417&#038;ssl=1\" alt=\"\" class=\"wp-image-1525\" srcset=\"https:\/\/i2.wp.com\/phillippbusch.de\/wp-content\/uploads\/2021\/10\/Zeichenflaeche-10-Kopie-3@05x.png?w=960&amp;ssl=1 960w, https:\/\/i2.wp.com\/phillippbusch.de\/wp-content\/uploads\/2021\/10\/Zeichenflaeche-10-Kopie-3@05x.png?resize=300%2C202&amp;ssl=1 300w, https:\/\/i2.wp.com\/phillippbusch.de\/wp-content\/uploads\/2021\/10\/Zeichenflaeche-10-Kopie-3@05x.png?resize=768%2C517&amp;ssl=1 768w\" sizes=\"(max-width: 620px) 100vw, 620px\" data-recalc-dims=\"1\" \/><\/figure>\n\n\n\n<figure class=\"wp-block-image alignwide size-full\"><img decoding=\"async\" width=\"620\" height=\"417\" src=\"https:\/\/i0.wp.com\/phillippbusch.de\/wp-content\/uploads\/2021\/10\/Zeichenflaeche-13@05x.png?resize=620%2C417&#038;ssl=1\" alt=\"\" class=\"wp-image-1529\" srcset=\"https:\/\/i0.wp.com\/phillippbusch.de\/wp-content\/uploads\/2021\/10\/Zeichenflaeche-13@05x.png?w=960&amp;ssl=1 960w, https:\/\/i0.wp.com\/phillippbusch.de\/wp-content\/uploads\/2021\/10\/Zeichenflaeche-13@05x.png?resize=300%2C202&amp;ssl=1 300w, https:\/\/i0.wp.com\/phillippbusch.de\/wp-content\/uploads\/2021\/10\/Zeichenflaeche-13@05x.png?resize=768%2C517&amp;ssl=1 768w\" sizes=\"(max-width: 620px) 100vw, 620px\" data-recalc-dims=\"1\" \/><\/figure>\n\n\n\n<figure class=\"wp-block-image alignwide size-full\"><img decoding=\"async\" width=\"620\" height=\"310\" src=\"https:\/\/i1.wp.com\/phillippbusch.de\/wp-content\/uploads\/2021\/10\/Zeichenflache-1-2.png?resize=620%2C310&#038;ssl=1\" alt=\"\" class=\"wp-image-974\" srcset=\"https:\/\/i1.wp.com\/phillippbusch.de\/wp-content\/uploads\/2021\/10\/Zeichenflache-1-2.png?w=1000&amp;ssl=1 1000w, https:\/\/i1.wp.com\/phillippbusch.de\/wp-content\/uploads\/2021\/10\/Zeichenflache-1-2.png?resize=300%2C150&amp;ssl=1 300w, https:\/\/i1.wp.com\/phillippbusch.de\/wp-content\/uploads\/2021\/10\/Zeichenflache-1-2.png?resize=768%2C384&amp;ssl=1 768w\" sizes=\"(max-width: 620px) 100vw, 620px\" data-recalc-dims=\"1\" \/><\/figure>\n\n\n\n<figure class=\"wp-block-image alignwide size-full\"><img decoding=\"async\" width=\"620\" height=\"348\" src=\"https:\/\/i2.wp.com\/phillippbusch.de\/wp-content\/uploads\/2021\/10\/Zeichenflaeche-8-Kopie-11.png?resize=620%2C348&#038;ssl=1\" alt=\"\" class=\"wp-image-1428\" srcset=\"https:\/\/i2.wp.com\/phillippbusch.de\/wp-content\/uploads\/2021\/10\/Zeichenflaeche-8-Kopie-11.png?w=1013&amp;ssl=1 1013w, https:\/\/i2.wp.com\/phillippbusch.de\/wp-content\/uploads\/2021\/10\/Zeichenflaeche-8-Kopie-11.png?resize=300%2C169&amp;ssl=1 300w, https:\/\/i2.wp.com\/phillippbusch.de\/wp-content\/uploads\/2021\/10\/Zeichenflaeche-8-Kopie-11.png?resize=768%2C431&amp;ssl=1 768w\" sizes=\"(max-width: 620px) 100vw, 620px\" data-recalc-dims=\"1\" \/><\/figure>\n\n\n\n<figure class=\"wp-block-image alignwide size-full\"><img decoding=\"async\" width=\"620\" height=\"310\" src=\"https:\/\/i1.wp.com\/phillippbusch.de\/wp-content\/uploads\/2021\/10\/Zeichenflache-2-1.png?resize=620%2C310&#038;ssl=1\" alt=\"\" class=\"wp-image-975\" srcset=\"https:\/\/i1.wp.com\/phillippbusch.de\/wp-content\/uploads\/2021\/10\/Zeichenflache-2-1.png?w=1000&amp;ssl=1 1000w, https:\/\/i1.wp.com\/phillippbusch.de\/wp-content\/uploads\/2021\/10\/Zeichenflache-2-1.png?resize=300%2C150&amp;ssl=1 300w, https:\/\/i1.wp.com\/phillippbusch.de\/wp-content\/uploads\/2021\/10\/Zeichenflache-2-1.png?resize=768%2C384&amp;ssl=1 768w\" sizes=\"(max-width: 620px) 100vw, 620px\" data-recalc-dims=\"1\" \/><\/figure>\n\n\n\n<div class=\"wp-block-columns alignwide is-layout-flex wp-container-core-columns-is-layout-9d6595d7 wp-block-columns-is-layout-flex\">\n<div class=\"wp-block-column is-layout-flow wp-block-column-is-layout-flow\">\n<figure class=\"wp-block-image size-large\"><img decoding=\"async\" width=\"620\" height=\"1019\" src=\"https:\/\/i0.wp.com\/phillippbusch.de\/wp-content\/uploads\/2021\/10\/Zeichenflache-2-3.png?resize=620%2C1019&#038;ssl=1\" alt=\"\" class=\"wp-image-1005\" srcset=\"https:\/\/i0.wp.com\/phillippbusch.de\/wp-content\/uploads\/2021\/10\/Zeichenflache-2-3.png?resize=623%2C1024&amp;ssl=1 623w, https:\/\/i0.wp.com\/phillippbusch.de\/wp-content\/uploads\/2021\/10\/Zeichenflache-2-3.png?resize=183%2C300&amp;ssl=1 183w, https:\/\/i0.wp.com\/phillippbusch.de\/wp-content\/uploads\/2021\/10\/Zeichenflache-2-3.png?w=685&amp;ssl=1 685w\" sizes=\"(max-width: 620px) 100vw, 620px\" data-recalc-dims=\"1\" \/><\/figure>\n<\/div>\n\n\n\n<div class=\"wp-block-column is-layout-flow wp-block-column-is-layout-flow\">\n<figure class=\"wp-block-image size-large\"><img decoding=\"async\" width=\"620\" height=\"1019\" src=\"https:\/\/i0.wp.com\/phillippbusch.de\/wp-content\/uploads\/2021\/10\/Zeichenflache-1-3.png?resize=620%2C1019&#038;ssl=1\" alt=\"\" class=\"wp-image-979\" srcset=\"https:\/\/i0.wp.com\/phillippbusch.de\/wp-content\/uploads\/2021\/10\/Zeichenflache-1-3.png?resize=623%2C1024&amp;ssl=1 623w, https:\/\/i0.wp.com\/phillippbusch.de\/wp-content\/uploads\/2021\/10\/Zeichenflache-1-3.png?resize=183%2C300&amp;ssl=1 183w, https:\/\/i0.wp.com\/phillippbusch.de\/wp-content\/uploads\/2021\/10\/Zeichenflache-1-3.png?w=685&amp;ssl=1 685w\" sizes=\"(max-width: 620px) 100vw, 620px\" data-recalc-dims=\"1\" \/><\/figure>\n<\/div>\n\n\n\n<div class=\"wp-block-column is-layout-flow wp-block-column-is-layout-flow\">\n<figure class=\"wp-block-image size-large\"><img decoding=\"async\" width=\"620\" height=\"1019\" src=\"https:\/\/i1.wp.com\/phillippbusch.de\/wp-content\/uploads\/2021\/10\/Zeichenflache-4-3.png?resize=620%2C1019&#038;ssl=1\" alt=\"\" class=\"wp-image-1011\" srcset=\"https:\/\/i1.wp.com\/phillippbusch.de\/wp-content\/uploads\/2021\/10\/Zeichenflache-4-3.png?resize=623%2C1024&amp;ssl=1 623w, https:\/\/i1.wp.com\/phillippbusch.de\/wp-content\/uploads\/2021\/10\/Zeichenflache-4-3.png?resize=183%2C300&amp;ssl=1 183w, https:\/\/i1.wp.com\/phillippbusch.de\/wp-content\/uploads\/2021\/10\/Zeichenflache-4-3.png?w=685&amp;ssl=1 685w\" sizes=\"(max-width: 620px) 100vw, 620px\" data-recalc-dims=\"1\" \/><\/figure>\n<\/div>\n<\/div>\n\n\n\n<div class=\"wp-block-columns alignwide is-layout-flex wp-container-core-columns-is-layout-9d6595d7 wp-block-columns-is-layout-flex\">\n<div class=\"wp-block-column is-layout-flow wp-block-column-is-layout-flow\">\n<figure class=\"wp-block-image size-large\"><img decoding=\"async\" width=\"620\" height=\"1019\" src=\"https:\/\/i1.wp.com\/phillippbusch.de\/wp-content\/uploads\/2021\/10\/Zeichenflache-6-1.png?resize=620%2C1019&#038;ssl=1\" alt=\"\" class=\"wp-image-1009\" srcset=\"https:\/\/i1.wp.com\/phillippbusch.de\/wp-content\/uploads\/2021\/10\/Zeichenflache-6-1.png?resize=623%2C1024&amp;ssl=1 623w, https:\/\/i1.wp.com\/phillippbusch.de\/wp-content\/uploads\/2021\/10\/Zeichenflache-6-1.png?resize=183%2C300&amp;ssl=1 183w, https:\/\/i1.wp.com\/phillippbusch.de\/wp-content\/uploads\/2021\/10\/Zeichenflache-6-1.png?w=685&amp;ssl=1 685w\" sizes=\"(max-width: 620px) 100vw, 620px\" data-recalc-dims=\"1\" \/><\/figure>\n<\/div>\n\n\n\n<div class=\"wp-block-column is-layout-flow wp-block-column-is-layout-flow\">\n<figure class=\"wp-block-image size-large\"><img decoding=\"async\" width=\"620\" height=\"1019\" src=\"https:\/\/i1.wp.com\/phillippbusch.de\/wp-content\/uploads\/2021\/10\/Zeichenflache-3-4.png?resize=620%2C1019&#038;ssl=1\" alt=\"\" class=\"wp-image-1010\" srcset=\"https:\/\/i1.wp.com\/phillippbusch.de\/wp-content\/uploads\/2021\/10\/Zeichenflache-3-4.png?resize=623%2C1024&amp;ssl=1 623w, https:\/\/i1.wp.com\/phillippbusch.de\/wp-content\/uploads\/2021\/10\/Zeichenflache-3-4.png?resize=183%2C300&amp;ssl=1 183w, https:\/\/i1.wp.com\/phillippbusch.de\/wp-content\/uploads\/2021\/10\/Zeichenflache-3-4.png?w=685&amp;ssl=1 685w\" sizes=\"(max-width: 620px) 100vw, 620px\" data-recalc-dims=\"1\" \/><\/figure>\n<\/div>\n\n\n\n<div class=\"wp-block-column is-layout-flow wp-block-column-is-layout-flow\">\n<figure class=\"wp-block-image size-large\"><img decoding=\"async\" width=\"620\" height=\"1019\" src=\"https:\/\/i0.wp.com\/phillippbusch.de\/wp-content\/uploads\/2021\/10\/Zeichenflache-5-1.png?resize=620%2C1019&#038;ssl=1\" alt=\"\" class=\"wp-image-1008\" srcset=\"https:\/\/i0.wp.com\/phillippbusch.de\/wp-content\/uploads\/2021\/10\/Zeichenflache-5-1.png?resize=623%2C1024&amp;ssl=1 623w, https:\/\/i0.wp.com\/phillippbusch.de\/wp-content\/uploads\/2021\/10\/Zeichenflache-5-1.png?resize=183%2C300&amp;ssl=1 183w, https:\/\/i0.wp.com\/phillippbusch.de\/wp-content\/uploads\/2021\/10\/Zeichenflache-5-1.png?w=685&amp;ssl=1 685w\" sizes=\"(max-width: 620px) 100vw, 620px\" data-recalc-dims=\"1\" \/><\/figure>\n<\/div>\n<\/div>\n","protected":false},"excerpt":{"rendered":"<p>Als Inspiration zu diesem Objekt diente die Zahl 3. Aus der Drei sollte ein Spiel entwickelt werden. Bei Amplitude taucht die 3 in der gezackten Art und Weise der Spielfl\u00e4che auf und auch die Aufzeichnung eines Erdbebens auf einem Seismographen w\u00fcrde an die Drei erinnern. Bei Amplitude m\u00fcssen zwei Spieler versuchen auf einer&nbsp;gezackten und einer<a class=\"more-link\" href=\"https:\/\/phillippbusch.de\/?page_id=1410\"><span class=\"screen-reader-text\">&#8222;AMPLITUDE 2&#8220;<\/span> weiterlesen<\/a><\/p>\n","protected":false},"author":1,"featured_media":0,"parent":1388,"menu_order":0,"comment_status":"closed","ping_status":"closed","template":"","meta":{"spay_email":"","footnotes":""},"class_list":["post-1410","page","type-page","status-publish","hentry","entry"],"_links":{"self":[{"href":"https:\/\/phillippbusch.de\/index.php?rest_route=\/wp\/v2\/pages\/1410","targetHints":{"allow":["GET"]}}],"collection":[{"href":"https:\/\/phillippbusch.de\/index.php?rest_route=\/wp\/v2\/pages"}],"about":[{"href":"https:\/\/phillippbusch.de\/index.php?rest_route=\/wp\/v2\/types\/page"}],"author":[{"embeddable":true,"href":"https:\/\/phillippbusch.de\/index.php?rest_route=\/wp\/v2\/users\/1"}],"replies":[{"embeddable":true,"href":"https:\/\/phillippbusch.de\/index.php?rest_route=%2Fwp%2Fv2%2Fcomments&post=1410"}],"version-history":[{"count":18,"href":"https:\/\/phillippbusch.de\/index.php?rest_route=\/wp\/v2\/pages\/1410\/revisions"}],"predecessor-version":[{"id":1873,"href":"https:\/\/phillippbusch.de\/index.php?rest_route=\/wp\/v2\/pages\/1410\/revisions\/1873"}],"up":[{"embeddable":true,"href":"https:\/\/phillippbusch.de\/index.php?rest_route=\/wp\/v2\/pages\/1388"}],"wp:attachment":[{"href":"https:\/\/phillippbusch.de\/index.php?rest_route=%2Fwp%2Fv2%2Fmedia&parent=1410"}],"curies":[{"name":"wp","href":"https:\/\/api.w.org\/{rel}","templated":true}]}}