{"id":1075,"date":"2021-10-10T17:44:18","date_gmt":"2021-10-10T17:44:18","guid":{"rendered":"https:\/\/phillippbusch.de\/?page_id=1075"},"modified":"2021-10-24T17:35:51","modified_gmt":"2021-10-24T17:35:51","slug":"creativ-anywhere","status":"publish","type":"page","link":"https:\/\/phillippbusch.de\/?page_id=1075","title":{"rendered":"Creativ Anywhere"},"content":{"rendered":"\n<div class=\"wp-block-columns alignwide is-layout-flex wp-container-core-columns-is-layout-9d6595d7 wp-block-columns-is-layout-flex\"><\/div>\n\n\n\n<div class=\"wp-block-columns alignwide is-layout-flex wp-container-core-columns-is-layout-9d6595d7 wp-block-columns-is-layout-flex\">\n<div class=\"wp-block-column is-layout-flow wp-block-column-is-layout-flow\">\n<h2 class=\"wp-block-heading\">CA-AKS<\/h2>\n<\/div>\n\n\n\n<div class=\"wp-block-column is-layout-flow wp-block-column-is-layout-flow\">\n<p>Creativ Anywhere ist ein DIY-Konzept um neue Studenten f\u00fcr die Hochschule Angewandte Kunst Schneeberg z. B. im im Lockdown oder im Rahmen von Festivals zu werben.<\/p>\n\n\n\n<p>Das Konzept beinhaltet ein DIY Package. In diesem enthalten: Pl\u00e4ne, Klebeband, Cutter und Edding. Die Idee ist, dass sich die Interessenten damit ihre eigenen M\u00f6bel aus \u201eM\u00fcll\u201c selbst bauen k\u00f6nnen und so &#8211; im Lockdown und ortsunabh\u00e4ngig &#8211; die Kreativit\u00e4t\u00a0fliesen zulassen.<\/p>\n\n\n\n<p>Das gestaltete Klebeband verweist auf die Angewandte Kunst Schneeberg und dient als hilfreiches Material und Werbetr\u00e4ger. Zus\u00e4tzlich ist auf dem Plan auch der Hinweis auf die Eignungspr\u00fcfung und die Mediale Pr\u00e4senz der Hochschule\u00a0zu finden. <\/p>\n<\/div>\n<\/div>\n\n\n\n<div class=\"wp-block-columns alignwide is-layout-flex wp-container-core-columns-is-layout-9d6595d7 wp-block-columns-is-layout-flex\">\n<div class=\"wp-block-column is-layout-flow wp-block-column-is-layout-flow\">\n<figure class=\"wp-block-image alignwide size-full\"><img decoding=\"async\" width=\"484\" height=\"350\" src=\"https:\/\/i2.wp.com\/phillippbusch.de\/wp-content\/uploads\/2021\/10\/Zeichenflaeche-16.png?resize=484%2C350&#038;ssl=1\" alt=\"\" class=\"wp-image-1619\" srcset=\"https:\/\/i2.wp.com\/phillippbusch.de\/wp-content\/uploads\/2021\/10\/Zeichenflaeche-16.png?w=484&amp;ssl=1 484w, https:\/\/i2.wp.com\/phillippbusch.de\/wp-content\/uploads\/2021\/10\/Zeichenflaeche-16.png?resize=300%2C217&amp;ssl=1 300w\" sizes=\"(max-width: 484px) 100vw, 484px\" data-recalc-dims=\"1\" \/><\/figure>\n\n\n\n<figure class=\"wp-block-image alignwide size-full\"><img decoding=\"async\" width=\"484\" height=\"350\" src=\"https:\/\/i1.wp.com\/phillippbusch.de\/wp-content\/uploads\/2021\/10\/Zeichenflaeche-32.png?resize=484%2C350&#038;ssl=1\" alt=\"\" class=\"wp-image-1620\" srcset=\"https:\/\/i1.wp.com\/phillippbusch.de\/wp-content\/uploads\/2021\/10\/Zeichenflaeche-32.png?w=484&amp;ssl=1 484w, https:\/\/i1.wp.com\/phillippbusch.de\/wp-content\/uploads\/2021\/10\/Zeichenflaeche-32.png?resize=300%2C217&amp;ssl=1 300w\" sizes=\"(max-width: 484px) 100vw, 484px\" data-recalc-dims=\"1\" \/><\/figure>\n<\/div>\n\n\n\n<div class=\"wp-block-column is-layout-flow wp-block-column-is-layout-flow\">\n<figure class=\"wp-block-image alignwide size-full\"><img decoding=\"async\" width=\"484\" height=\"728\" src=\"https:\/\/i0.wp.com\/phillippbusch.de\/wp-content\/uploads\/2021\/10\/Zeichenflaeche-33.png?resize=484%2C728&#038;ssl=1\" alt=\"\" class=\"wp-image-1621\" srcset=\"https:\/\/i0.wp.com\/phillippbusch.de\/wp-content\/uploads\/2021\/10\/Zeichenflaeche-33.png?w=484&amp;ssl=1 484w, https:\/\/i0.wp.com\/phillippbusch.de\/wp-content\/uploads\/2021\/10\/Zeichenflaeche-33.png?resize=199%2C300&amp;ssl=1 199w\" sizes=\"(max-width: 484px) 100vw, 484px\" data-recalc-dims=\"1\" \/><\/figure>\n<\/div>\n<\/div>\n\n\n\n<figure class=\"wp-block-image alignwide size-full\"><img decoding=\"async\" width=\"620\" height=\"460\" src=\"https:\/\/i0.wp.com\/phillippbusch.de\/wp-content\/uploads\/2021\/10\/Zeichenflache-4-Kopie-30.png?resize=620%2C460&#038;ssl=1\" alt=\"\" class=\"wp-image-1083\" srcset=\"https:\/\/i0.wp.com\/phillippbusch.de\/wp-content\/uploads\/2021\/10\/Zeichenflache-4-Kopie-30.png?w=684&amp;ssl=1 684w, https:\/\/i0.wp.com\/phillippbusch.de\/wp-content\/uploads\/2021\/10\/Zeichenflache-4-Kopie-30.png?resize=300%2C223&amp;ssl=1 300w\" sizes=\"(max-width: 620px) 100vw, 620px\" data-recalc-dims=\"1\" \/><\/figure>\n\n\n\n<figure class=\"wp-block-image alignwide size-full\"><img decoding=\"async\" width=\"620\" height=\"827\" src=\"https:\/\/i2.wp.com\/phillippbusch.de\/wp-content\/uploads\/2021\/10\/Zeichenflache-4-Kopie-31.png?resize=620%2C827&#038;ssl=1\" alt=\"\" class=\"wp-image-1082\" srcset=\"https:\/\/i2.wp.com\/phillippbusch.de\/wp-content\/uploads\/2021\/10\/Zeichenflache-4-Kopie-31.png?w=684&amp;ssl=1 684w, https:\/\/i2.wp.com\/phillippbusch.de\/wp-content\/uploads\/2021\/10\/Zeichenflache-4-Kopie-31.png?resize=225%2C300&amp;ssl=1 225w\" sizes=\"(max-width: 620px) 100vw, 620px\" data-recalc-dims=\"1\" \/><\/figure>\n\n\n\n<figure class=\"wp-block-image alignwide size-large\"><img decoding=\"async\" width=\"620\" height=\"440\" src=\"https:\/\/i1.wp.com\/phillippbusch.de\/wp-content\/uploads\/2021\/10\/Zeichenflaeche-2-Kopie-7.png?resize=620%2C440&#038;ssl=1\" alt=\"\" class=\"wp-image-1625\" srcset=\"https:\/\/i1.wp.com\/phillippbusch.de\/wp-content\/uploads\/2021\/10\/Zeichenflaeche-2-Kopie-7.png?resize=1024%2C726&amp;ssl=1 1024w, https:\/\/i1.wp.com\/phillippbusch.de\/wp-content\/uploads\/2021\/10\/Zeichenflaeche-2-Kopie-7.png?resize=300%2C213&amp;ssl=1 300w, https:\/\/i1.wp.com\/phillippbusch.de\/wp-content\/uploads\/2021\/10\/Zeichenflaeche-2-Kopie-7.png?resize=768%2C545&amp;ssl=1 768w, https:\/\/i1.wp.com\/phillippbusch.de\/wp-content\/uploads\/2021\/10\/Zeichenflaeche-2-Kopie-7.png?resize=1536%2C1089&amp;ssl=1 1536w, https:\/\/i1.wp.com\/phillippbusch.de\/wp-content\/uploads\/2021\/10\/Zeichenflaeche-2-Kopie-7.png?resize=1568%2C1112&amp;ssl=1 1568w, https:\/\/i1.wp.com\/phillippbusch.de\/wp-content\/uploads\/2021\/10\/Zeichenflaeche-2-Kopie-7.png?w=1646&amp;ssl=1 1646w, https:\/\/i1.wp.com\/phillippbusch.de\/wp-content\/uploads\/2021\/10\/Zeichenflaeche-2-Kopie-7.png?w=1240&amp;ssl=1 1240w\" sizes=\"(max-width: 620px) 100vw, 620px\" data-recalc-dims=\"1\" \/><\/figure>\n","protected":false},"excerpt":{"rendered":"<p>CA-AKS Creativ Anywhere ist ein DIY-Konzept um neue Studenten f\u00fcr die Hochschule Angewandte Kunst Schneeberg z. B. im im Lockdown oder im Rahmen von Festivals zu werben. Das Konzept beinhaltet ein DIY Package. In diesem enthalten: Pl\u00e4ne, Klebeband, Cutter und Edding. Die Idee ist, dass sich die Interessenten damit ihre eigenen M\u00f6bel aus \u201eM\u00fcll\u201c selbst<a class=\"more-link\" href=\"https:\/\/phillippbusch.de\/?page_id=1075\"><span class=\"screen-reader-text\">&#8222;Creativ Anywhere&#8220;<\/span> weiterlesen<\/a><\/p>\n","protected":false},"author":1,"featured_media":0,"parent":1388,"menu_order":0,"comment_status":"closed","ping_status":"closed","template":"","meta":{"spay_email":"","footnotes":""},"class_list":["post-1075","page","type-page","status-publish","hentry","entry"],"_links":{"self":[{"href":"https:\/\/phillippbusch.de\/index.php?rest_route=\/wp\/v2\/pages\/1075","targetHints":{"allow":["GET"]}}],"collection":[{"href":"https:\/\/phillippbusch.de\/index.php?rest_route=\/wp\/v2\/pages"}],"about":[{"href":"https:\/\/phillippbusch.de\/index.php?rest_route=\/wp\/v2\/types\/page"}],"author":[{"embeddable":true,"href":"https:\/\/phillippbusch.de\/index.php?rest_route=\/wp\/v2\/users\/1"}],"replies":[{"embeddable":true,"href":"https:\/\/phillippbusch.de\/index.php?rest_route=%2Fwp%2Fv2%2Fcomments&post=1075"}],"version-history":[{"count":9,"href":"https:\/\/phillippbusch.de\/index.php?rest_route=\/wp\/v2\/pages\/1075\/revisions"}],"predecessor-version":[{"id":1856,"href":"https:\/\/phillippbusch.de\/index.php?rest_route=\/wp\/v2\/pages\/1075\/revisions\/1856"}],"up":[{"embeddable":true,"href":"https:\/\/phillippbusch.de\/index.php?rest_route=\/wp\/v2\/pages\/1388"}],"wp:attachment":[{"href":"https:\/\/phillippbusch.de\/index.php?rest_route=%2Fwp%2Fv2%2Fmedia&parent=1075"}],"curies":[{"name":"wp","href":"https:\/\/api.w.org\/{rel}","templated":true}]}}