{"id":1027,"date":"2021-10-10T10:40:31","date_gmt":"2021-10-10T10:40:31","guid":{"rendered":"https:\/\/phillippbusch.de\/?page_id=1027"},"modified":"2021-10-24T18:08:15","modified_gmt":"2021-10-24T18:08:15","slug":"skladac","status":"publish","type":"page","link":"https:\/\/phillippbusch.de\/?page_id=1027","title":{"rendered":"SKLADAC"},"content":{"rendered":"\n<div class=\"wp-block-columns alignwide is-layout-flex wp-container-core-columns-is-layout-9d6595d7 wp-block-columns-is-layout-flex\"><\/div>\n\n\n\n<div class=\"wp-block-columns alignwide is-layout-flex wp-container-core-columns-is-layout-9d6595d7 wp-block-columns-is-layout-flex\">\n<div class=\"wp-block-column is-layout-flow wp-block-column-is-layout-flow\">\n<p>Sk\u0142ada\u0107 die klappbare Lampe. Ist vor dem Studium entstanden.<\/p>\n\n\n\n<p>Sie wurde aus einfachem, schwarz lackierten Stahl und Buchenholz gefertigt.\u00a0<\/p>\n\n\n\n<p>Alle Verbindungen&nbsp;der LED-Lampe sind&nbsp;genietet.<\/p>\n\n\n\n<p>Der Mechanismus der Lampe ist mit einfachen Scharnieren realisiert, welche im ausgeklappten Zustand blockieren und die Lampe so stabilisieren.&nbsp;<\/p>\n\n\n\n<p>Zusammengeklappt ist Sk\u0142ada\u0107 nicht&nbsp;breiter und l\u00e4nger als ein Din A4 Blatt&nbsp;Papier.&nbsp;<\/p>\n<\/div>\n\n\n\n<div class=\"wp-block-column is-layout-flow wp-block-column-is-layout-flow\">\n<h2 class=\"wp-block-heading\">SKLADAC<\/h2>\n<\/div>\n<\/div>\n\n\n\n<figure class=\"wp-block-image alignwide size-full\"><img decoding=\"async\" width=\"620\" height=\"310\" src=\"https:\/\/i0.wp.com\/phillippbusch.de\/wp-content\/uploads\/2021\/10\/Zeichenflache-2-Kopie-5-1.png?resize=620%2C310&#038;ssl=1\" alt=\"\" class=\"wp-image-1030\" srcset=\"https:\/\/i0.wp.com\/phillippbusch.de\/wp-content\/uploads\/2021\/10\/Zeichenflache-2-Kopie-5-1.png?w=1000&amp;ssl=1 1000w, https:\/\/i0.wp.com\/phillippbusch.de\/wp-content\/uploads\/2021\/10\/Zeichenflache-2-Kopie-5-1.png?resize=300%2C150&amp;ssl=1 300w, https:\/\/i0.wp.com\/phillippbusch.de\/wp-content\/uploads\/2021\/10\/Zeichenflache-2-Kopie-5-1.png?resize=768%2C384&amp;ssl=1 768w\" sizes=\"(max-width: 620px) 100vw, 620px\" data-recalc-dims=\"1\" \/><\/figure>\n\n\n\n<figure class=\"wp-block-image alignwide size-full\"><img decoding=\"async\" width=\"620\" height=\"310\" src=\"https:\/\/i1.wp.com\/phillippbusch.de\/wp-content\/uploads\/2021\/10\/Zeichenflache-2-Kopie-4-1.png?resize=620%2C310&#038;ssl=1\" alt=\"\" class=\"wp-image-1028\" srcset=\"https:\/\/i1.wp.com\/phillippbusch.de\/wp-content\/uploads\/2021\/10\/Zeichenflache-2-Kopie-4-1.png?w=1000&amp;ssl=1 1000w, https:\/\/i1.wp.com\/phillippbusch.de\/wp-content\/uploads\/2021\/10\/Zeichenflache-2-Kopie-4-1.png?resize=300%2C150&amp;ssl=1 300w, https:\/\/i1.wp.com\/phillippbusch.de\/wp-content\/uploads\/2021\/10\/Zeichenflache-2-Kopie-4-1.png?resize=768%2C384&amp;ssl=1 768w\" sizes=\"(max-width: 620px) 100vw, 620px\" data-recalc-dims=\"1\" \/><\/figure>\n\n\n\n<figure class=\"wp-block-image alignwide size-full\"><img decoding=\"async\" width=\"620\" height=\"310\" src=\"https:\/\/i0.wp.com\/phillippbusch.de\/wp-content\/uploads\/2021\/10\/Zeichenflache-4-4.png?resize=620%2C310&#038;ssl=1\" alt=\"\" class=\"wp-image-1031\" srcset=\"https:\/\/i0.wp.com\/phillippbusch.de\/wp-content\/uploads\/2021\/10\/Zeichenflache-4-4.png?w=1000&amp;ssl=1 1000w, https:\/\/i0.wp.com\/phillippbusch.de\/wp-content\/uploads\/2021\/10\/Zeichenflache-4-4.png?resize=300%2C150&amp;ssl=1 300w, https:\/\/i0.wp.com\/phillippbusch.de\/wp-content\/uploads\/2021\/10\/Zeichenflache-4-4.png?resize=768%2C384&amp;ssl=1 768w\" sizes=\"(max-width: 620px) 100vw, 620px\" data-recalc-dims=\"1\" \/><\/figure>\n\n\n\n<figure class=\"wp-block-image alignwide size-large\"><img decoding=\"async\" width=\"620\" height=\"309\" src=\"https:\/\/i0.wp.com\/phillippbusch.de\/wp-content\/uploads\/2021\/10\/Zeichenflaeche-22.png?resize=620%2C309&#038;ssl=1\" alt=\"\" class=\"wp-image-1604\" srcset=\"https:\/\/i0.wp.com\/phillippbusch.de\/wp-content\/uploads\/2021\/10\/Zeichenflaeche-22.png?resize=1024%2C511&amp;ssl=1 1024w, https:\/\/i0.wp.com\/phillippbusch.de\/wp-content\/uploads\/2021\/10\/Zeichenflaeche-22.png?resize=300%2C150&amp;ssl=1 300w, https:\/\/i0.wp.com\/phillippbusch.de\/wp-content\/uploads\/2021\/10\/Zeichenflaeche-22.png?resize=768%2C384&amp;ssl=1 768w, https:\/\/i0.wp.com\/phillippbusch.de\/wp-content\/uploads\/2021\/10\/Zeichenflaeche-22.png?resize=1536%2C767&amp;ssl=1 1536w, https:\/\/i0.wp.com\/phillippbusch.de\/wp-content\/uploads\/2021\/10\/Zeichenflaeche-22.png?resize=1568%2C783&amp;ssl=1 1568w, https:\/\/i0.wp.com\/phillippbusch.de\/wp-content\/uploads\/2021\/10\/Zeichenflaeche-22.png?w=1920&amp;ssl=1 1920w, https:\/\/i0.wp.com\/phillippbusch.de\/wp-content\/uploads\/2021\/10\/Zeichenflaeche-22.png?w=1240&amp;ssl=1 1240w, https:\/\/i0.wp.com\/phillippbusch.de\/wp-content\/uploads\/2021\/10\/Zeichenflaeche-22.png?w=1860&amp;ssl=1 1860w\" sizes=\"(max-width: 620px) 100vw, 620px\" data-recalc-dims=\"1\" \/><\/figure>\n","protected":false},"excerpt":{"rendered":"<p>Sk\u0142ada\u0107 die klappbare Lampe. Ist vor dem Studium entstanden. Sie wurde aus einfachem, schwarz lackierten Stahl und Buchenholz gefertigt.\u00a0 Alle Verbindungen&nbsp;der LED-Lampe sind&nbsp;genietet. Der Mechanismus der Lampe ist mit einfachen Scharnieren realisiert, welche im ausgeklappten Zustand blockieren und die Lampe so stabilisieren.&nbsp; Zusammengeklappt ist Sk\u0142ada\u0107 nicht&nbsp;breiter und l\u00e4nger als ein Din A4 Blatt&nbsp;Papier.&nbsp; SKLADAC<\/p>\n","protected":false},"author":1,"featured_media":0,"parent":1388,"menu_order":0,"comment_status":"closed","ping_status":"closed","template":"","meta":{"spay_email":"","footnotes":""},"class_list":["post-1027","page","type-page","status-publish","hentry","entry"],"_links":{"self":[{"href":"https:\/\/phillippbusch.de\/index.php?rest_route=\/wp\/v2\/pages\/1027","targetHints":{"allow":["GET"]}}],"collection":[{"href":"https:\/\/phillippbusch.de\/index.php?rest_route=\/wp\/v2\/pages"}],"about":[{"href":"https:\/\/phillippbusch.de\/index.php?rest_route=\/wp\/v2\/types\/page"}],"author":[{"embeddable":true,"href":"https:\/\/phillippbusch.de\/index.php?rest_route=\/wp\/v2\/users\/1"}],"replies":[{"embeddable":true,"href":"https:\/\/phillippbusch.de\/index.php?rest_route=%2Fwp%2Fv2%2Fcomments&post=1027"}],"version-history":[{"count":8,"href":"https:\/\/phillippbusch.de\/index.php?rest_route=\/wp\/v2\/pages\/1027\/revisions"}],"predecessor-version":[{"id":1866,"href":"https:\/\/phillippbusch.de\/index.php?rest_route=\/wp\/v2\/pages\/1027\/revisions\/1866"}],"up":[{"embeddable":true,"href":"https:\/\/phillippbusch.de\/index.php?rest_route=\/wp\/v2\/pages\/1388"}],"wp:attachment":[{"href":"https:\/\/phillippbusch.de\/index.php?rest_route=%2Fwp%2Fv2%2Fmedia&parent=1027"}],"curies":[{"name":"wp","href":"https:\/\/api.w.org\/{rel}","templated":true}]}}